{"id":501162,"date":"2025-01-24T23:40:00","date_gmt":"2025-01-24T22:40:00","guid":{"rendered":"https:\/\/shop.kustom.ch\/?post_type=product&#038;p=501162"},"modified":"2026-03-31T11:41:38","modified_gmt":"2026-03-31T10:41:38","slug":"north-shore-pants-men","status":"publish","type":"product","link":"https:\/\/shop.kustom.ch\/it\/prodotto\/north-shore-pants-men\/","title":{"rendered":"Pantaloni North Shore Uomo"},"content":{"rendered":"<p>North Shore offre una protezione per tutte le stagioni ai massimi livelli. Il tessuto a 3 strati massimizza la protezione da pioggia e vento, mentre il tessuto elasticizzato offre la massima flessibilit\u00e0 e libert\u00e0 di movimento. Dotati di caratteristiche tecniche, questi versatili pantaloni North Shore sono ideali per le partite di golf o per qualsiasi altra attivit\u00e0 all'aperto. Le tasche anteriori e posteriori consentono di riporre in modo sicuro chiavi, telefono, carte e altri oggetti. Dotati di cerniere impermeabili all'estremit\u00e0 delle gambe per un facile accesso. Lavare separatamente a 30 gradi senza ammorbidente. Chiudere tutte le cerniere prima del lavaggio e lasciare asciugare il capo.<\/p>\n<p>Materiale: Materiale esterno: poliestere 100%, fodera: poliestere 100%, VentAir, WP10 000, MVP10 000<\/p>","protected":false},"excerpt":{"rendered":"<p>North Shore bietet Allwetter Schutz auf h\u00f6chstem Level. Das 3 Lagen Material maximiert den Schutz vor Regen und Wind, w\u00e4hrend das Rundum Stretch Gewebe maximale Flexibilit\u00e4t und Bewegungsfreiheit bietet. Ausgestattet mit technischen Features sind diese vielseitigen North Shore Hosen ideal auf der Golfrunden oder allen anderen Outdoor Aktivit\u00e4ten. Front- und Ges\u00e4sstaschen helfen Ihnen Schl\u00fcssel, Telefon, [&hellip;]<\/p>\n","protected":false},"featured_media":501191,"template":"","meta":[],"product_brand":[],"product_cat":[4185],"product_tag":[],"class_list":{"0":"post-501162","1":"product","2":"type-product","3":"status-publish","4":"has-post-thumbnail","6":"product_cat-hosen","7":"pa_brand-cutter-buck","8":"pa_brand-type-sportswear","9":"pa_filter-color-blau","10":"pa_filter-color-schwarz","12":"first","13":"instock","14":"sale","15":"taxable","16":"shipping-taxable","17":"purchasable","18":"product-type-variable","19":"add-to-wishlist-before_image"},"exclude_global_add_ons":[],"addons":[],"acf":[],"_links":{"self":[{"href":"https:\/\/shop.kustom.ch\/it\/wp-json\/wp\/v2\/product\/501162"}],"collection":[{"href":"https:\/\/shop.kustom.ch\/it\/wp-json\/wp\/v2\/product"}],"about":[{"href":"https:\/\/shop.kustom.ch\/it\/wp-json\/wp\/v2\/types\/product"}],"wp:featuredmedia":[{"embeddable":true,"href":"https:\/\/shop.kustom.ch\/it\/wp-json\/wp\/v2\/media\/501191"}],"wp:attachment":[{"href":"https:\/\/shop.kustom.ch\/it\/wp-json\/wp\/v2\/media?parent=501162"}],"wp:term":[{"taxonomy":"product_brand","embeddable":true,"href":"https:\/\/shop.kustom.ch\/it\/wp-json\/wp\/v2\/product_brand?post=501162"},{"taxonomy":"product_cat","embeddable":true,"href":"https:\/\/shop.kustom.ch\/it\/wp-json\/wp\/v2\/product_cat?post=501162"},{"taxonomy":"product_tag","embeddable":true,"href":"https:\/\/shop.kustom.ch\/it\/wp-json\/wp\/v2\/product_tag?post=501162"}],"curies":[{"name":"wp","href":"https:\/\/api.w.org\/{rel}","templated":true}]}}