{"id":501026,"date":"2025-01-24T23:39:22","date_gmt":"2025-01-24T22:39:22","guid":{"rendered":"https:\/\/shop.kustom.ch\/?post_type=product&#038;p=501026"},"modified":"2026-03-31T11:37:16","modified_gmt":"2026-03-31T10:37:16","slug":"new-salish-pants","status":"publish","type":"product","link":"https:\/\/shop.kustom.ch\/it\/prodotto\/new-salish-pants\/","title":{"rendered":"Nuovi pantaloni Salish"},"content":{"rendered":"<p>La nostra gamma di pantaloni e pantaloncini \u00e8 realizzata in materiale resistente ed elastico con funzione di asciugatura rapida ed \u00e8 dotata di numerose caratteristiche tecniche. Progettati per la libert\u00e0 di movimento e per uno stile di vita attivo. Bottone regolabile e pinza in silicone in vita. Il tessuto DryTecTM riduce l'assorbimento dell'acqua e accorcia i tempi di asciugatura, per farvi sentire sempre a vostro agio. I pantaloni e i pantaloncini sono perfetti per un uso versatile e per il campo da golf.<\/p>\n<p>Materiale: 88% poliestere 12% elastan<\/p>","protected":false},"excerpt":{"rendered":"<p>Unser Sortiment an Hosen und Shorts besteht aus strapazierf\u00e4higem, dehnbarem Material mit schnelltrocknender Funktion und ist mit zahlreichen technischen Funktionen ausgestattet. Entworfen f\u00fcr Bewegungsfreiheit und einen aktiven Lebensstil. Verstellbarer Knopf und Silikongreifer an der Taille. Das DryTecTM Gewebe reduziert die Wasseraufnahme und verk\u00fcrzt die Trocknungszeit, damit Sie sich jederzeit wohlf\u00fchlen. Die Hosen und Shorts eignen [&hellip;]<\/p>\n","protected":false},"featured_media":501084,"template":"","meta":[],"product_brand":[],"product_cat":[4185],"product_tag":[],"class_list":{"0":"post-501026","1":"product","2":"type-product","3":"status-publish","4":"has-post-thumbnail","6":"product_cat-hosen","7":"pa_brand-cutter-buck","8":"pa_brand-type-sportswear","9":"pa_filter-color-blau","10":"pa_filter-color-grau","11":"pa_filter-color-schwarz","12":"pa_filter-color-weiss","14":"first","15":"instock","16":"sale","17":"taxable","18":"shipping-taxable","19":"purchasable","20":"product-type-variable","21":"add-to-wishlist-before_image"},"exclude_global_add_ons":[],"addons":[],"acf":[],"_links":{"self":[{"href":"https:\/\/shop.kustom.ch\/it\/wp-json\/wp\/v2\/product\/501026"}],"collection":[{"href":"https:\/\/shop.kustom.ch\/it\/wp-json\/wp\/v2\/product"}],"about":[{"href":"https:\/\/shop.kustom.ch\/it\/wp-json\/wp\/v2\/types\/product"}],"wp:featuredmedia":[{"embeddable":true,"href":"https:\/\/shop.kustom.ch\/it\/wp-json\/wp\/v2\/media\/501084"}],"wp:attachment":[{"href":"https:\/\/shop.kustom.ch\/it\/wp-json\/wp\/v2\/media?parent=501026"}],"wp:term":[{"taxonomy":"product_brand","embeddable":true,"href":"https:\/\/shop.kustom.ch\/it\/wp-json\/wp\/v2\/product_brand?post=501026"},{"taxonomy":"product_cat","embeddable":true,"href":"https:\/\/shop.kustom.ch\/it\/wp-json\/wp\/v2\/product_cat?post=501026"},{"taxonomy":"product_tag","embeddable":true,"href":"https:\/\/shop.kustom.ch\/it\/wp-json\/wp\/v2\/product_tag?post=501026"}],"curies":[{"name":"wp","href":"https:\/\/api.w.org\/{rel}","templated":true}]}}