{"id":501025,"date":"2025-01-24T23:39:22","date_gmt":"2025-01-24T22:39:22","guid":{"rendered":"https:\/\/shop.kustom.ch\/?post_type=product&#038;p=501025"},"modified":"2026-03-31T11:47:57","modified_gmt":"2026-03-31T10:47:57","slug":"navigate-softshell-jacket-men","status":"publish","type":"product","link":"https:\/\/shop.kustom.ch\/it\/prodotto\/navigate-softshell-jacket-men\/","title":{"rendered":"Giacca Navigate Softshell Uomo"},"content":{"rendered":"<p>Gli accattivanti pannelli laterali melange attirano l'attenzione e il materiale morbido ed elasticizzato offre una completa libert\u00e0 di movimento. Il tessuto CB WeatherTec\u2122 offre resistenza a tutte le condizioni atmosferiche che si possono incontrare mentre si va al lavoro o durante un'attivit\u00e0 all'aperto.  La stampa riflettente sui pannelli laterali vi aiuta a rimanere al sicuro in condizioni di scarsa illuminazione.<\/p>\n<p>Materiale: Materiale esterno 1: poliestere 100%, materiale esterno 2: poliestere 96%, elastan 4%, fodera: poliestere 100%<br \/>\nCB WeatherTec\u2122 WP5000, cerniere YKK<\/p>","protected":false},"excerpt":{"rendered":"<p>Die auff\u00e4lligen Seitenteile in Melange ziehen die Aufmerksamkeit auf sich und das weiche, dehnbare Material l\u00e4sst Ihnen volle Bewegungsfreiheit. Das CB WeatherTec\u2122 Gewebe bietet Widerstand gegen alle Witterungseinfl\u00fcsse, denen Sie auf Ihrem Weg zur Arbeit oder bei einer Outdoor Aktivit\u00e4t begegnen. Reflektierender Druck auf den Seitenteilen hilft Ihnen, auch bei schlechten Lichtverh\u00e4ltnissen sicher zu sein. [&hellip;]<\/p>\n","protected":false},"featured_media":501060,"template":"","meta":[],"product_brand":[],"product_cat":[4186],"product_tag":[],"class_list":{"0":"post-501025","1":"product","2":"type-product","3":"status-publish","4":"has-post-thumbnail","6":"product_cat-jacken","7":"pa_brand-cutter-buck","8":"pa_brand-type-sportswear","9":"pa_filter-color-blau","10":"pa_filter-color-schwarz","11":"pa_filter-color-weiss","13":"first","14":"instock","15":"sale","16":"taxable","17":"shipping-taxable","18":"purchasable","19":"product-type-variable","20":"add-to-wishlist-before_image"},"exclude_global_add_ons":[],"addons":[],"acf":[],"_links":{"self":[{"href":"https:\/\/shop.kustom.ch\/it\/wp-json\/wp\/v2\/product\/501025"}],"collection":[{"href":"https:\/\/shop.kustom.ch\/it\/wp-json\/wp\/v2\/product"}],"about":[{"href":"https:\/\/shop.kustom.ch\/it\/wp-json\/wp\/v2\/types\/product"}],"wp:featuredmedia":[{"embeddable":true,"href":"https:\/\/shop.kustom.ch\/it\/wp-json\/wp\/v2\/media\/501060"}],"wp:attachment":[{"href":"https:\/\/shop.kustom.ch\/it\/wp-json\/wp\/v2\/media?parent=501025"}],"wp:term":[{"taxonomy":"product_brand","embeddable":true,"href":"https:\/\/shop.kustom.ch\/it\/wp-json\/wp\/v2\/product_brand?post=501025"},{"taxonomy":"product_cat","embeddable":true,"href":"https:\/\/shop.kustom.ch\/it\/wp-json\/wp\/v2\/product_cat?post=501025"},{"taxonomy":"product_tag","embeddable":true,"href":"https:\/\/shop.kustom.ch\/it\/wp-json\/wp\/v2\/product_tag?post=501025"}],"curies":[{"name":"wp","href":"https:\/\/api.w.org\/{rel}","templated":true}]}}