{"id":500957,"date":"2025-01-24T23:39:02","date_gmt":"2025-01-24T22:39:02","guid":{"rendered":"https:\/\/shop.kustom.ch\/?post_type=product&#038;p=500957"},"modified":"2026-03-31T11:34:02","modified_gmt":"2026-03-31T10:34:02","slug":"mount-adams-jkt-men","status":"publish","type":"product","link":"https:\/\/shop.kustom.ch\/it\/prodotto\/mount-adams-jkt-men\/","title":{"rendered":"Mount Adams Jkt Uomini"},"content":{"rendered":"<p>La nostra iconica giacca Mount Adams \u00e8 realizzata in tessuto di nylon riciclato ed \u00e8 il capo perfetto per gli ambienti urbani e naturali. La giacca \u00e8 imbottita con Gold Insulation Luxe\u2122 di Primaloft\u00ae, un materiale riciclato 100%. Si tratta di piccole piume setose realizzate con fibre sintetiche che riproducono il calore leggero, la morbidezza e la comprimibilit\u00e0 della piuma d'oca naturale con le prestazioni superiori del Primaloft\u00ae. La giacca \u00e8 leggera, ma offre calore e mantiene la sua struttura anche in condizioni di umidit\u00e0. Il cappuccio pu\u00f2 essere facilmente chiuso con una zip e la giacca \u00e8 dotata di due tasche anteriori e di un'ulteriore tasca sul petto. Sulla parte anteriore del petto \u00e8 presente un'area di stampa per il logo del cliente.<\/p>\n<p>Materiale: Materiale: nylon 100% Reycling. Fodera: nylon 100% Reycling.<\/p>","protected":false},"excerpt":{"rendered":"<p>Unsere ikonische Mount Adams Jacke besteht aus recyceltem Nylongewebe und ist das perfekte St\u00fcck sowohl f\u00fcr st\u00e4dtische als auch f\u00fcr nat\u00fcrliche Umgebungen. Die Jacke ist mit Gold Insulation Luxe\u2122 von Primaloft\u00ae gef\u00fcllt, einem zu 100% aus recyceltem Material. Es besteht aus kleinen, seidigen Federn aus synthetischen Fasern, die die leichte W\u00e4rme, Weichheit und Komprimierbarkeit von [&hellip;]<\/p>\n","protected":false},"featured_media":501004,"template":"","meta":[],"product_brand":[],"product_cat":[4186],"product_tag":[],"class_list":{"0":"post-500957","1":"product","2":"type-product","3":"status-publish","4":"has-post-thumbnail","6":"product_cat-jacken","7":"pa_brand-cutter-buck","8":"pa_brand-type-sportswear","9":"pa_filter-color-blau","10":"pa_filter-color-gruen","11":"pa_filter-color-orange","12":"pa_filter-color-schwarz","14":"first","15":"instock","16":"sale","17":"taxable","18":"shipping-taxable","19":"purchasable","20":"product-type-variable","21":"add-to-wishlist-before_image"},"exclude_global_add_ons":[],"addons":[],"acf":[],"_links":{"self":[{"href":"https:\/\/shop.kustom.ch\/it\/wp-json\/wp\/v2\/product\/500957"}],"collection":[{"href":"https:\/\/shop.kustom.ch\/it\/wp-json\/wp\/v2\/product"}],"about":[{"href":"https:\/\/shop.kustom.ch\/it\/wp-json\/wp\/v2\/types\/product"}],"wp:featuredmedia":[{"embeddable":true,"href":"https:\/\/shop.kustom.ch\/it\/wp-json\/wp\/v2\/media\/501004"}],"wp:attachment":[{"href":"https:\/\/shop.kustom.ch\/it\/wp-json\/wp\/v2\/media?parent=500957"}],"wp:term":[{"taxonomy":"product_brand","embeddable":true,"href":"https:\/\/shop.kustom.ch\/it\/wp-json\/wp\/v2\/product_brand?post=500957"},{"taxonomy":"product_cat","embeddable":true,"href":"https:\/\/shop.kustom.ch\/it\/wp-json\/wp\/v2\/product_cat?post=500957"},{"taxonomy":"product_tag","embeddable":true,"href":"https:\/\/shop.kustom.ch\/it\/wp-json\/wp\/v2\/product_tag?post=500957"}],"curies":[{"name":"wp","href":"https:\/\/api.w.org\/{rel}","templated":true}]}}