{"id":500748,"date":"2025-01-24T23:38:04","date_gmt":"2025-01-24T22:38:04","guid":{"rendered":"https:\/\/shop.kustom.ch\/?post_type=product&#038;p=500748"},"modified":"2026-03-31T11:43:41","modified_gmt":"2026-03-31T10:43:41","slug":"la-push-pro-jkt-men","status":"publish","type":"product","link":"https:\/\/shop.kustom.ch\/it\/prodotto\/la-push-pro-jkt-men\/","title":{"rendered":"La Push Pro Jkt Uomo"},"content":{"rendered":"<p>Elevate la vostra esperienza di golf con la nostra giacca antivento leggera e tecnicamente avanzata, realizzata in tessuto altamente elasticizzato che vi consente una grande libert\u00e0 di movimento. Realizzata con il nostro innovativo tessuto WeatherTec, questa giacca \u00e8 stata progettata per le avventure all'aperto quando \u00e8 necessario proteggersi dal vento e dalla pioggia leggera. Le linee pulite e la silhouette sportiva offrono un look elegante e raffinato che passa senza problemi dal campo da golf alle uscite informali. I polsini elasticizzati offrono protezione dai cambiamenti del tempo.<\/p>\n<p>Materiale: 80% poliestere riciclato, 20% elastan<\/p>","protected":false},"excerpt":{"rendered":"<p>Heben Sie Ihre Golferfahrung mit unserer technisch fortschrittlichen leichten Windjacke an, die aus hochelastischem Stoff gefertigt ist und Ihnen eine grosse Bewegungsfreiheit erm\u00f6glicht. Diese Jacke aus unserem innovativen WeatherTec-Stoff ist f\u00fcr Outdoor-Abenteuer konzipiert, wenn Sie Schutz vor Wind und leichtem Regen ben\u00f6tigen. Die klaren Linien und die sportliche Silhouette bieten einen schlanken und stilvollen Look, [&hellip;]<\/p>\n","protected":false},"featured_media":500766,"template":"","meta":[],"product_brand":[],"product_cat":[4186],"product_tag":[],"class_list":{"0":"post-500748","1":"product","2":"type-product","3":"status-publish","4":"has-post-thumbnail","6":"product_cat-jacken","7":"pa_brand-cutter-buck","8":"pa_brand-type-sportswear","9":"pa_filter-color-blau","10":"pa_filter-color-gruen","11":"pa_filter-color-schwarz","13":"first","14":"instock","15":"sale","16":"taxable","17":"shipping-taxable","18":"purchasable","19":"product-type-variable","20":"add-to-wishlist-before_image"},"exclude_global_add_ons":[],"addons":[],"acf":[],"_links":{"self":[{"href":"https:\/\/shop.kustom.ch\/it\/wp-json\/wp\/v2\/product\/500748"}],"collection":[{"href":"https:\/\/shop.kustom.ch\/it\/wp-json\/wp\/v2\/product"}],"about":[{"href":"https:\/\/shop.kustom.ch\/it\/wp-json\/wp\/v2\/types\/product"}],"wp:featuredmedia":[{"embeddable":true,"href":"https:\/\/shop.kustom.ch\/it\/wp-json\/wp\/v2\/media\/500766"}],"wp:attachment":[{"href":"https:\/\/shop.kustom.ch\/it\/wp-json\/wp\/v2\/media?parent=500748"}],"wp:term":[{"taxonomy":"product_brand","embeddable":true,"href":"https:\/\/shop.kustom.ch\/it\/wp-json\/wp\/v2\/product_brand?post=500748"},{"taxonomy":"product_cat","embeddable":true,"href":"https:\/\/shop.kustom.ch\/it\/wp-json\/wp\/v2\/product_cat?post=500748"},{"taxonomy":"product_tag","embeddable":true,"href":"https:\/\/shop.kustom.ch\/it\/wp-json\/wp\/v2\/product_tag?post=500748"}],"curies":[{"name":"wp","href":"https:\/\/api.w.org\/{rel}","templated":true}]}}