{"id":500612,"date":"2025-01-24T23:37:25","date_gmt":"2025-01-24T22:37:25","guid":{"rendered":"https:\/\/shop.kustom.ch\/?post_type=product&#038;p=500612"},"modified":"2026-03-31T11:33:48","modified_gmt":"2026-03-31T10:33:48","slug":"kennewick-crewneck-men","status":"publish","type":"product","link":"https:\/\/shop.kustom.ch\/it\/prodotto\/kennewick-crewneck-men\/","title":{"rendered":"Kennewick Girocollo Uomo"},"content":{"rendered":"<p>Kennewick \u00e8 il nostro maglione leggero in maglia merino con una vestibilit\u00e0 moderna e un collo rotondo. La maglia \u00e8 realizzata in lana merino di alta qualit\u00e0 proveniente dalla rinomata Baruffa in Italia, commercializzata con il nome di \"Shiny as Silk, Soft as Cashmere\". Kennewick \u00e8 il maglione business perfetto che pu\u00f2 essere indossato tutto l'anno e non passa mai di moda.<\/p>\n<p>Materiale: lana merino 100%, lavaggio a mano<\/p>","protected":false},"excerpt":{"rendered":"<p>Kennewick ist unser leichter Merino Strickpullover in moderner Passform und mit Rundhals. Der Strick ist aus hochwertiger Merinowolle der renommierten Baruffa in Italien hergestellt, das unter dem Namen &#8222;Shiny as Silk, Soft as Cashmere&#8220; vermarktet wird. Kennewick ist der perfekte Business Pullover, den man das ganze Jahr \u00fcber tragen kann und der nie aus der [&hellip;]<\/p>\n","protected":false},"featured_media":500661,"template":"","meta":[],"product_brand":[],"product_cat":[4191],"product_tag":[],"class_list":{"0":"post-500612","1":"product","2":"type-product","3":"status-publish","4":"has-post-thumbnail","6":"product_cat-longsleeves-sweatshirts","7":"pa_brand-cutter-buck","8":"pa_brand-type-sportswear","9":"pa_filter-color-blau","10":"pa_filter-color-braun","11":"pa_filter-color-grau","12":"pa_filter-color-schwarz","14":"first","15":"instock","16":"sale","17":"taxable","18":"shipping-taxable","19":"purchasable","20":"product-type-variable","21":"add-to-wishlist-before_image"},"exclude_global_add_ons":[],"addons":[],"acf":[],"_links":{"self":[{"href":"https:\/\/shop.kustom.ch\/it\/wp-json\/wp\/v2\/product\/500612"}],"collection":[{"href":"https:\/\/shop.kustom.ch\/it\/wp-json\/wp\/v2\/product"}],"about":[{"href":"https:\/\/shop.kustom.ch\/it\/wp-json\/wp\/v2\/types\/product"}],"wp:featuredmedia":[{"embeddable":true,"href":"https:\/\/shop.kustom.ch\/it\/wp-json\/wp\/v2\/media\/500661"}],"wp:attachment":[{"href":"https:\/\/shop.kustom.ch\/it\/wp-json\/wp\/v2\/media?parent=500612"}],"wp:term":[{"taxonomy":"product_brand","embeddable":true,"href":"https:\/\/shop.kustom.ch\/it\/wp-json\/wp\/v2\/product_brand?post=500612"},{"taxonomy":"product_cat","embeddable":true,"href":"https:\/\/shop.kustom.ch\/it\/wp-json\/wp\/v2\/product_cat?post=500612"},{"taxonomy":"product_tag","embeddable":true,"href":"https:\/\/shop.kustom.ch\/it\/wp-json\/wp\/v2\/product_tag?post=500612"}],"curies":[{"name":"wp","href":"https:\/\/api.w.org\/{rel}","templated":true}]}}