{"id":500402,"date":"2025-01-24T23:36:35","date_gmt":"2025-01-24T22:36:35","guid":{"rendered":"https:\/\/shop.kustom.ch\/?post_type=product&#038;p=500402"},"modified":"2026-03-31T11:42:34","modified_gmt":"2026-03-31T10:42:34","slug":"kelowna-polo-ladies","status":"publish","type":"product","link":"https:\/\/shop.kustom.ch\/it\/prodotto\/kelowna-polo-ladies\/","title":{"rendered":"Kelowna Polo Ladies"},"content":{"rendered":"<p>Una polo funzionale con protezione UV, sviluppata appositamente per l'uso a contatto con la pelle e che si muove senza sforzo grazie al suo taglio sportivo. Questa comoda polo a manica corta \u00e8 morbidissima e allontana efficacemente il sudore dal corpo per passare allo strato successivo. \u00c8 progettata con un colletto a coste e 3 bottoni per un look casual.<\/p>\n<p>Materiale: poliestere 100% con protezione UV<\/p>","protected":false},"excerpt":{"rendered":"<p>Ein funktionelles Polo mit UV-Schutz, das speziell f\u00fcr den Einsatz auf der Haut entwickelt wurde und sich dank seines sportlichen Schnitts m\u00fchelos mit Ihnen bewegt. Dieses bequeme Kurzarm Poloshirt f\u00fchlt sich super weich an und transportiert den Schweiss effizient vom K\u00f6rper weg und auf die n\u00e4chste Schicht. Entworfen mit geripptem Kragen und 3 Kn\u00f6pfen f\u00fcr [&hellip;]<\/p>\n","protected":false},"featured_media":500428,"template":"","meta":[],"product_brand":[],"product_cat":[4193],"product_tag":[],"class_list":{"0":"post-500402","1":"product","2":"type-product","3":"status-publish","4":"has-post-thumbnail","6":"product_cat-polos","7":"pa_brand-cutter-buck","8":"pa_brand-type-sportswear","9":"pa_filter-color-blau","10":"pa_filter-color-gelb","11":"pa_filter-color-grau","12":"pa_filter-color-gruen","13":"pa_filter-color-orange","14":"pa_filter-color-pink","15":"pa_filter-color-rot","16":"pa_filter-color-schwarz","17":"pa_filter-color-weiss","19":"first","20":"instock","21":"sale","22":"taxable","23":"shipping-taxable","24":"purchasable","25":"product-type-variable","26":"add-to-wishlist-before_image"},"exclude_global_add_ons":[],"addons":[],"acf":[],"_links":{"self":[{"href":"https:\/\/shop.kustom.ch\/it\/wp-json\/wp\/v2\/product\/500402"}],"collection":[{"href":"https:\/\/shop.kustom.ch\/it\/wp-json\/wp\/v2\/product"}],"about":[{"href":"https:\/\/shop.kustom.ch\/it\/wp-json\/wp\/v2\/types\/product"}],"wp:featuredmedia":[{"embeddable":true,"href":"https:\/\/shop.kustom.ch\/it\/wp-json\/wp\/v2\/media\/500428"}],"wp:attachment":[{"href":"https:\/\/shop.kustom.ch\/it\/wp-json\/wp\/v2\/media?parent=500402"}],"wp:term":[{"taxonomy":"product_brand","embeddable":true,"href":"https:\/\/shop.kustom.ch\/it\/wp-json\/wp\/v2\/product_brand?post=500402"},{"taxonomy":"product_cat","embeddable":true,"href":"https:\/\/shop.kustom.ch\/it\/wp-json\/wp\/v2\/product_cat?post=500402"},{"taxonomy":"product_tag","embeddable":true,"href":"https:\/\/shop.kustom.ch\/it\/wp-json\/wp\/v2\/product_tag?post=500402"}],"curies":[{"name":"wp","href":"https:\/\/api.w.org\/{rel}","templated":true}]}}