{"id":500334,"date":"2025-01-24T23:36:18","date_gmt":"2025-01-24T22:36:18","guid":{"rendered":"https:\/\/shop.kustom.ch\/?post_type=product&#038;p=500334"},"modified":"2026-03-31T11:48:24","modified_gmt":"2026-03-31T10:48:24","slug":"kamloops-jacket-men","status":"publish","type":"product","link":"https:\/\/shop.kustom.ch\/it\/prodotto\/kamloops-jacket-men\/","title":{"rendered":"Giacca Kamloops Uomo"},"content":{"rendered":"<p>Giacca shell tecnicamente avanzata e superleggera, realizzata in materiale altamente flessibile per un comfort duraturo e libert\u00e0 di movimento. Il materiale CB WeatherTec protegge dalla pioggia fresca e leggera senza compromettere la traspirabilit\u00e0. Cerniere YKK.  Cappuccio nascosto nel colletto.<\/p>\n<p>Materiale: 80% nylon, 20% elastan<\/p>","protected":false},"excerpt":{"rendered":"<p>Technisch fortschrittliche und superleichte Shelljacke aus hochflexiblem Material f\u00fcr langanhaltenden Komfort und Bewegungsfreiheit. CB WeatherTec Material sch\u00fctzt vor k\u00fchlem und leichtem Regen, ohne die Atmungsaktivit\u00e4t zu beeintr\u00e4chtigen. YKK Reissverschl\u00fcsse. Versteckte Kapuze im Kragen. Material: 80% Nylon, 20% Elasthan<\/p>","protected":false},"featured_media":500369,"template":"","meta":[],"product_brand":[],"product_cat":[4186],"product_tag":[],"class_list":{"0":"post-500334","1":"product","2":"type-product","3":"status-publish","4":"has-post-thumbnail","6":"product_cat-jacken","7":"pa_brand-cutter-buck","8":"pa_brand-type-sportswear","9":"pa_filter-color-blau","10":"pa_filter-color-rot","11":"pa_filter-color-schwarz","13":"first","14":"instock","15":"sale","16":"taxable","17":"shipping-taxable","18":"purchasable","19":"product-type-variable","20":"add-to-wishlist-before_image"},"exclude_global_add_ons":[],"addons":[],"acf":[],"_links":{"self":[{"href":"https:\/\/shop.kustom.ch\/it\/wp-json\/wp\/v2\/product\/500334"}],"collection":[{"href":"https:\/\/shop.kustom.ch\/it\/wp-json\/wp\/v2\/product"}],"about":[{"href":"https:\/\/shop.kustom.ch\/it\/wp-json\/wp\/v2\/types\/product"}],"wp:featuredmedia":[{"embeddable":true,"href":"https:\/\/shop.kustom.ch\/it\/wp-json\/wp\/v2\/media\/500369"}],"wp:attachment":[{"href":"https:\/\/shop.kustom.ch\/it\/wp-json\/wp\/v2\/media?parent=500334"}],"wp:term":[{"taxonomy":"product_brand","embeddable":true,"href":"https:\/\/shop.kustom.ch\/it\/wp-json\/wp\/v2\/product_brand?post=500334"},{"taxonomy":"product_cat","embeddable":true,"href":"https:\/\/shop.kustom.ch\/it\/wp-json\/wp\/v2\/product_cat?post=500334"},{"taxonomy":"product_tag","embeddable":true,"href":"https:\/\/shop.kustom.ch\/it\/wp-json\/wp\/v2\/product_tag?post=500334"}],"curies":[{"name":"wp","href":"https:\/\/api.w.org\/{rel}","templated":true}]}}