{"id":500266,"date":"2025-01-24T23:35:57","date_gmt":"2025-01-24T22:35:57","guid":{"rendered":"https:\/\/shop.kustom.ch\/?post_type=product&#038;p=500266"},"modified":"2026-03-31T11:41:43","modified_gmt":"2026-03-31T10:41:43","slug":"hedley-stretch-shirt-men","status":"publish","type":"product","link":"https:\/\/shop.kustom.ch\/it\/prodotto\/hedley-stretch-shirt-men\/","title":{"rendered":"Camicia Hedley Stretch Uomo"},"content":{"rendered":"<p>La camicia Hedley Stretch \u00e8 realizzata con una grande elasticit\u00e0 per una versatilit\u00e0 eccezionale, progettata per essere indossata tutti i giorni, sia nel tempo libero che al lavoro. Il nostro tessuto in cotone organico di prima qualit\u00e0 \u00e8 super confortevole e traspirante, con un'elasticit\u00e0 e un recupero sorprendenti. Si pu\u00f2 indossare da sola o come parte di un sistema di stratificazione. Questa camicia perfetta per il business-casual ha un eccellente drappeggio e un'interlacciatura nei polsini e nel colletto per aggiungere stile e durata dopo il lavaggio. Il modello da donna \u00e8 leggermente oversize per un look moderno.<\/p>\n<p>Materiale: 92% cotone organico, 8% elastan<\/p>","protected":false},"excerpt":{"rendered":"<p>Das Hedley Stretch Hemd ist mit grossem Stretch f\u00fcr aussergew\u00f6hnliche Vielseitigkeit konstruiert, konzipiert f\u00fcr den t\u00e4glichen Gebrauch sowohl in der Freizeit als auch bei der Arbeit. Unser hochwertiger Bio-Baumwollstoff ist super bequem und atmungsaktiv, mit erstaunlichem Stretch und Erholung. Sie k\u00f6nnen es alleine oder als Teil eines Schichtsystems tragen. Dieses perfekte Business-casual-Hemd hat eine ausgezeichnete [&hellip;]<\/p>\n","protected":false},"featured_media":500323,"template":"","meta":[],"product_brand":[],"product_cat":[9874],"product_tag":[],"class_list":{"0":"post-500266","1":"product","2":"type-product","3":"status-publish","4":"has-post-thumbnail","6":"product_cat-hemden","7":"pa_brand-cutter-buck","8":"pa_brand-type-sportswear","9":"pa_filter-color-schwarz","10":"pa_filter-color-weiss","12":"first","13":"instock","14":"sale","15":"taxable","16":"shipping-taxable","17":"purchasable","18":"product-type-variable","19":"add-to-wishlist-before_image"},"exclude_global_add_ons":[],"addons":[],"acf":[],"_links":{"self":[{"href":"https:\/\/shop.kustom.ch\/it\/wp-json\/wp\/v2\/product\/500266"}],"collection":[{"href":"https:\/\/shop.kustom.ch\/it\/wp-json\/wp\/v2\/product"}],"about":[{"href":"https:\/\/shop.kustom.ch\/it\/wp-json\/wp\/v2\/types\/product"}],"wp:featuredmedia":[{"embeddable":true,"href":"https:\/\/shop.kustom.ch\/it\/wp-json\/wp\/v2\/media\/500323"}],"wp:attachment":[{"href":"https:\/\/shop.kustom.ch\/it\/wp-json\/wp\/v2\/media?parent=500266"}],"wp:term":[{"taxonomy":"product_brand","embeddable":true,"href":"https:\/\/shop.kustom.ch\/it\/wp-json\/wp\/v2\/product_brand?post=500266"},{"taxonomy":"product_cat","embeddable":true,"href":"https:\/\/shop.kustom.ch\/it\/wp-json\/wp\/v2\/product_cat?post=500266"},{"taxonomy":"product_tag","embeddable":true,"href":"https:\/\/shop.kustom.ch\/it\/wp-json\/wp\/v2\/product_tag?post=500266"}],"curies":[{"name":"wp","href":"https:\/\/api.w.org\/{rel}","templated":true}]}}