{"id":500212,"date":"2025-01-24T23:35:31","date_gmt":"2025-01-24T22:35:31","guid":{"rendered":"https:\/\/shop.kustom.ch\/?post_type=product&#038;p=500212"},"modified":"2026-03-31T11:44:31","modified_gmt":"2026-03-31T10:44:31","slug":"hansville-shirt-men","status":"publish","type":"product","link":"https:\/\/shop.kustom.ch\/it\/prodotto\/hansville-shirt-men\/","title":{"rendered":"Camicia Hansville Uomo"},"content":{"rendered":"<p>Hansville \u00e8 una reinterpretazione della classica camicia Oxford con un'aggiunta di stretch per ottimizzare la vestibilit\u00e0. Il tessuto \u00e8 prelavato per una finitura lussuosa e morbida. Con colletto button down, tasca sul petto e orlo arrotondato. Questo capo versatile diventer\u00e0 il vostro classico numero 1.<\/p>\n<p>Materiale: 97% cotone, 3% elastan<\/p>","protected":false},"excerpt":{"rendered":"<p>Hansville ist eine Neuinterpretation eines klassischen Oxford Hemdes mit zus\u00e4tzlichem Stretch f\u00fcr eine optmierte Passform. Der Stoff ist vorgewaschen f\u00fcr ein luxuri\u00f6ses, weiches Finish. Mit Button Down-Kragen, Brusttasche und abgerundetem Saum. Dieses vielseitige Kleidungsst\u00fcck wird Ihr Klassiker Nummer 1 sein. Material: 97% Baumwolle, 3% Elasthan<\/p>","protected":false},"featured_media":500277,"template":"","meta":[],"product_brand":[],"product_cat":[9874],"product_tag":[],"class_list":{"0":"post-500212","1":"product","2":"type-product","3":"status-publish","4":"has-post-thumbnail","6":"product_cat-hemden","7":"pa_brand-cutter-buck","8":"pa_brand-type-sportswear","9":"pa_filter-color-blau","10":"pa_filter-color-schwarz","11":"pa_filter-color-weiss","13":"first","14":"instock","15":"sale","16":"taxable","17":"shipping-taxable","18":"purchasable","19":"product-type-variable","20":"add-to-wishlist-before_image"},"exclude_global_add_ons":[],"addons":[],"acf":[],"_links":{"self":[{"href":"https:\/\/shop.kustom.ch\/it\/wp-json\/wp\/v2\/product\/500212"}],"collection":[{"href":"https:\/\/shop.kustom.ch\/it\/wp-json\/wp\/v2\/product"}],"about":[{"href":"https:\/\/shop.kustom.ch\/it\/wp-json\/wp\/v2\/types\/product"}],"wp:featuredmedia":[{"embeddable":true,"href":"https:\/\/shop.kustom.ch\/it\/wp-json\/wp\/v2\/media\/500277"}],"wp:attachment":[{"href":"https:\/\/shop.kustom.ch\/it\/wp-json\/wp\/v2\/media?parent=500212"}],"wp:term":[{"taxonomy":"product_brand","embeddable":true,"href":"https:\/\/shop.kustom.ch\/it\/wp-json\/wp\/v2\/product_brand?post=500212"},{"taxonomy":"product_cat","embeddable":true,"href":"https:\/\/shop.kustom.ch\/it\/wp-json\/wp\/v2\/product_cat?post=500212"},{"taxonomy":"product_tag","embeddable":true,"href":"https:\/\/shop.kustom.ch\/it\/wp-json\/wp\/v2\/product_tag?post=500212"}],"curies":[{"name":"wp","href":"https:\/\/api.w.org\/{rel}","templated":true}]}}