{"id":500069,"date":"2025-01-24T23:34:46","date_gmt":"2025-01-24T22:34:46","guid":{"rendered":"https:\/\/shop.kustom.ch\/?post_type=product&#038;p=500069"},"modified":"2026-03-31T11:36:15","modified_gmt":"2026-03-31T10:36:15","slug":"everett-v-neck-ladies","status":"publish","type":"product","link":"https:\/\/shop.kustom.ch\/it\/prodotto\/everett-v-neck-ladies\/","title":{"rendered":"Everett Donna con scollo a V"},"content":{"rendered":"<p>Un classico di tutti i tempi \u00e8 la nostra maglia con scollo a V pi\u00f9 venduta, realizzata in lana merino Baruffa extrafine ed elastica di altissima qualit\u00e0. La vestibilit\u00e0 \u00e8 stata rielaborata e offre ampia libert\u00e0 di movimento. Etichetta discreta in metallo e piccolo logo C&amp;B ricamato sul collo.<\/p>\n<p>Materiale: lana merino 100%, lavaggio a mano<\/p>","protected":false},"excerpt":{"rendered":"<p>Ein all-time Klassiker ist unser Bestseller V-Neck Strickpullover aus extra feiner, elastischer Baruffa Merinowolle in h\u00f6chster Qualit\u00e4t. Die Passform wurde \u00fcberarbeitet und bietet viel Bewegungsfreiheit. Dezentes Metal Label und kleines C&amp;B Sticklogo am Nacken. Material: 100% Merinowolle, Handw\u00e4sche<\/p>","protected":false},"featured_media":500113,"template":"","meta":[],"product_brand":[],"product_cat":[4191],"product_tag":[],"class_list":{"0":"post-500069","1":"product","2":"type-product","3":"status-publish","4":"has-post-thumbnail","6":"product_cat-longsleeves-sweatshirts","7":"pa_brand-cutter-buck","8":"pa_brand-type-sportswear","9":"pa_filter-color-blau","10":"pa_filter-color-grau","11":"pa_filter-color-rot","12":"pa_filter-color-schwarz","14":"first","15":"instock","16":"sale","17":"taxable","18":"shipping-taxable","19":"purchasable","20":"product-type-variable","21":"add-to-wishlist-before_image"},"exclude_global_add_ons":[],"addons":[],"acf":[],"_links":{"self":[{"href":"https:\/\/shop.kustom.ch\/it\/wp-json\/wp\/v2\/product\/500069"}],"collection":[{"href":"https:\/\/shop.kustom.ch\/it\/wp-json\/wp\/v2\/product"}],"about":[{"href":"https:\/\/shop.kustom.ch\/it\/wp-json\/wp\/v2\/types\/product"}],"wp:featuredmedia":[{"embeddable":true,"href":"https:\/\/shop.kustom.ch\/it\/wp-json\/wp\/v2\/media\/500113"}],"wp:attachment":[{"href":"https:\/\/shop.kustom.ch\/it\/wp-json\/wp\/v2\/media?parent=500069"}],"wp:term":[{"taxonomy":"product_brand","embeddable":true,"href":"https:\/\/shop.kustom.ch\/it\/wp-json\/wp\/v2\/product_brand?post=500069"},{"taxonomy":"product_cat","embeddable":true,"href":"https:\/\/shop.kustom.ch\/it\/wp-json\/wp\/v2\/product_cat?post=500069"},{"taxonomy":"product_tag","embeddable":true,"href":"https:\/\/shop.kustom.ch\/it\/wp-json\/wp\/v2\/product_tag?post=500069"}],"curies":[{"name":"wp","href":"https:\/\/api.w.org\/{rel}","templated":true}]}}