{"id":499802,"date":"2025-01-24T23:33:37","date_gmt":"2025-01-24T22:33:37","guid":{"rendered":"https:\/\/shop.kustom.ch\/?post_type=product&#038;p=499802"},"modified":"2026-03-31T11:45:00","modified_gmt":"2026-03-31T10:45:00","slug":"coos-bay-half-zip-ladies","status":"publish","type":"product","link":"https:\/\/shop.kustom.ch\/it\/prodotto\/coos-bay-half-zip-ladies\/","title":{"rendered":"Coos Bay Mezza Zip Donna"},"content":{"rendered":"<p>Questo moderno top a maniche lunghe con cerniera YKK \u00e8 realizzato in materiale morbidissimo con interno spazzolato per mantenere il corpo caldo. Il materiale offre inoltre una traspirazione ottimale lontano dalla pelle. Il top ha una forma ergonomica per una vestibilit\u00e0 attiva vicino alla pelle. Le propriet\u00e0 elastiche garantiscono libert\u00e0 di movimento.  Progettato per essere utilizzato come strato di base sotto una giacca o come secondo strato sopra una polo per una giornata attiva all'aperto.<\/p>\n<p>Materiale: poliestere 100%<\/p>","protected":false},"excerpt":{"rendered":"<p>Dieses lang\u00e4rmelige moderne Oberteil mit YKK Reissverschluss ist aus einem superweichen Material mit geb\u00fcrsteter Innenseite hergestellt, um den K\u00f6rper warm zu halten. Zudem bietet das Material einen optimalen Feuchtigkeitsabtransport von der Haut. Das Oberteil ist ergonomisch geformt f\u00fcr eine aktive hautnahe Passform. Die Stretch Eigenschaften geben Ihnen Bewegungsfreiheit. Entwickelt f\u00fcr den Einsatz als Baselayer unter [&hellip;]<\/p>\n","protected":false},"featured_media":499858,"template":"","meta":[],"product_brand":[],"product_cat":[4191],"product_tag":[],"class_list":{"0":"post-499802","1":"product","2":"type-product","3":"status-publish","4":"has-post-thumbnail","6":"product_cat-longsleeves-sweatshirts","7":"pa_brand-cutter-buck","8":"pa_brand-type-sportswear","9":"pa_filter-color-blau","10":"pa_filter-color-rot","11":"pa_filter-color-schwarz","12":"pa_filter-color-weiss","14":"first","15":"instock","16":"sale","17":"taxable","18":"shipping-taxable","19":"purchasable","20":"product-type-variable","21":"add-to-wishlist-before_image"},"exclude_global_add_ons":[],"addons":[],"acf":[],"_links":{"self":[{"href":"https:\/\/shop.kustom.ch\/it\/wp-json\/wp\/v2\/product\/499802"}],"collection":[{"href":"https:\/\/shop.kustom.ch\/it\/wp-json\/wp\/v2\/product"}],"about":[{"href":"https:\/\/shop.kustom.ch\/it\/wp-json\/wp\/v2\/types\/product"}],"wp:featuredmedia":[{"embeddable":true,"href":"https:\/\/shop.kustom.ch\/it\/wp-json\/wp\/v2\/media\/499858"}],"wp:attachment":[{"href":"https:\/\/shop.kustom.ch\/it\/wp-json\/wp\/v2\/media?parent=499802"}],"wp:term":[{"taxonomy":"product_brand","embeddable":true,"href":"https:\/\/shop.kustom.ch\/it\/wp-json\/wp\/v2\/product_brand?post=499802"},{"taxonomy":"product_cat","embeddable":true,"href":"https:\/\/shop.kustom.ch\/it\/wp-json\/wp\/v2\/product_cat?post=499802"},{"taxonomy":"product_tag","embeddable":true,"href":"https:\/\/shop.kustom.ch\/it\/wp-json\/wp\/v2\/product_tag?post=499802"}],"curies":[{"name":"wp","href":"https:\/\/api.w.org\/{rel}","templated":true}]}}