{"id":499734,"date":"2025-01-24T23:33:11","date_gmt":"2025-01-24T22:33:11","guid":{"rendered":"https:\/\/shop.kustom.ch\/?post_type=product&#038;p=499734"},"modified":"2026-03-31T11:45:18","modified_gmt":"2026-03-31T10:45:18","slug":"chambers-half-zip-ladies","status":"publish","type":"product","link":"https:\/\/shop.kustom.ch\/it\/prodotto\/chambers-half-zip-ladies\/","title":{"rendered":"Chambers Mezza Zip Donna"},"content":{"rendered":"<p>Chambers \u00e8 un pullover funzionale realizzato in materiale poliestere estremamente morbido e confortevole con DryTec e protezione UV che allontana l'umidit\u00e0 dal corpo durante l'attivit\u00e0 fisica. Presenta una mezza zip YKK\u00ae al centro e un'abbottonatura protettiva al di sotto per proteggere la pelle. Maniche raglan per una maggiore libert\u00e0 di movimento. Chambers \u00e8 lo strato intermedio perfetto da indossare sotto una giacca shell o come strato superiore per le giornate pi\u00f9 calde. Piccola tasca sul petto con zip per chiavi e carte.<\/p>\n<p>Materiale: poliestere 100%<\/p>","protected":false},"excerpt":{"rendered":"<p>Chambers ist ein funktioneller Pullover, der aus extrem weichem und komfortablem Polyestermaterial mit DryTec und UV Schutz gefertigt ist und die Feuchtigkeit von Ihrem K\u00f6rper ableitet, wenn Sie Sport treiben. Ausgestattet mit einem halbhohen YKK\u00ae Reisserschluss in der Mitte und einer sch\u00fctzenden Knopfleiste darunter, um Ihre Haut zu sch\u00fctzen. Raglanf\u00f6rmige \u00c4rmel f\u00fcr zus\u00e4tzliche Bewegungsfreiheit. Chambers [&hellip;]<\/p>\n","protected":false},"featured_media":499777,"template":"","meta":[],"product_brand":[],"product_cat":[4191],"product_tag":[],"class_list":{"0":"post-499734","1":"product","2":"type-product","3":"status-publish","4":"has-post-thumbnail","6":"product_cat-longsleeves-sweatshirts","7":"pa_brand-cutter-buck","8":"pa_brand-type-sportswear","9":"pa_filter-color-blau","10":"pa_filter-color-grau","12":"first","13":"instock","14":"sale","15":"taxable","16":"shipping-taxable","17":"purchasable","18":"product-type-variable","19":"add-to-wishlist-before_image"},"exclude_global_add_ons":[],"addons":[],"acf":[],"_links":{"self":[{"href":"https:\/\/shop.kustom.ch\/it\/wp-json\/wp\/v2\/product\/499734"}],"collection":[{"href":"https:\/\/shop.kustom.ch\/it\/wp-json\/wp\/v2\/product"}],"about":[{"href":"https:\/\/shop.kustom.ch\/it\/wp-json\/wp\/v2\/types\/product"}],"wp:featuredmedia":[{"embeddable":true,"href":"https:\/\/shop.kustom.ch\/it\/wp-json\/wp\/v2\/media\/499777"}],"wp:attachment":[{"href":"https:\/\/shop.kustom.ch\/it\/wp-json\/wp\/v2\/media?parent=499734"}],"wp:term":[{"taxonomy":"product_brand","embeddable":true,"href":"https:\/\/shop.kustom.ch\/it\/wp-json\/wp\/v2\/product_brand?post=499734"},{"taxonomy":"product_cat","embeddable":true,"href":"https:\/\/shop.kustom.ch\/it\/wp-json\/wp\/v2\/product_cat?post=499734"},{"taxonomy":"product_tag","embeddable":true,"href":"https:\/\/shop.kustom.ch\/it\/wp-json\/wp\/v2\/product_tag?post=499734"}],"curies":[{"name":"wp","href":"https:\/\/api.w.org\/{rel}","templated":true}]}}