{"id":499663,"date":"2025-01-24T23:32:52","date_gmt":"2025-01-24T22:32:52","guid":{"rendered":"https:\/\/shop.kustom.ch\/?post_type=product&#038;p=499663"},"modified":"2026-03-31T11:31:51","modified_gmt":"2026-03-31T10:31:51","slug":"cascade-sherpa-fleece-ladies","status":"publish","type":"product","link":"https:\/\/shop.kustom.ch\/it\/prodotto\/cascade-sherpa-fleece-ladies\/","title":{"rendered":"Cascade Sherpa Pile Donna"},"content":{"rendered":"<p>Realizzata con bottiglie di plastica riciclate dopo il riciclo dei consumatori, la Cascade Sherpa Fleece Jacket lavora per l'armonia tra natura e affari. Costruita per offrire calore e versatilit\u00e0 eccezionali, \u00e8 progettata per essere la vostra giacca preferita per il golf, lo sci, le escursioni, la barca, il lavoro, i viaggi o i weekend. La nostra giacca in pile di alta qualit\u00e0 e calore \u00e8 incredibilmente comoda, con l'interno in pile spazzolato per una sensazione accogliente, pur rimanendo traspirante in modo da poter essere attivi e stare al caldo senza sacrificare la qualit\u00e0 e l'artigianalit\u00e0.<br \/>\ng\/m2 : Uomo M = 476 g; Uomo S = 446 g; Donna; M = 422; Donna S = 390<\/p>\n<p>Materiale: 71% poliestere riciclato, 29% poliestere sherpa fleece<\/p>","protected":false},"excerpt":{"rendered":"<p>Hergestellt aus recycelten Plastikflaschen nach Verbraucherrecycling, arbeitet die Cascade Sherpa Fleece Jacke f\u00fcr Harmonie zwischen Natur und Gesch\u00e4ft. Konstruiert f\u00fcr aussergew\u00f6hnliche W\u00e4rme und Vielseitigkeit, wurde sie entwickelt, um Ihre Lieblingsjacke zum Golfen, Skifahren, Wandern, Bootfahren, Arbeiten, Reisen oder f\u00fcr Wochenendausfl\u00fcge zu sein. Unsere hochwertige und warmen Fleecejacke ist unglaublich bequem, mit geb\u00fcrstetem Fleece innen f\u00fcr [&hellip;]<\/p>\n","protected":false},"featured_media":499719,"template":"","meta":[],"product_brand":[],"product_cat":[4186],"product_tag":[],"class_list":{"0":"post-499663","1":"product","2":"type-product","3":"status-publish","4":"has-post-thumbnail","6":"product_cat-jacken","7":"pa_brand-cutter-buck","8":"pa_brand-type-sportswear","9":"pa_filter-color-blau","10":"pa_filter-color-weiss","12":"first","13":"instock","14":"sale","15":"taxable","16":"shipping-taxable","17":"purchasable","18":"product-type-variable","19":"add-to-wishlist-before_image"},"exclude_global_add_ons":[],"addons":[],"acf":[],"_links":{"self":[{"href":"https:\/\/shop.kustom.ch\/it\/wp-json\/wp\/v2\/product\/499663"}],"collection":[{"href":"https:\/\/shop.kustom.ch\/it\/wp-json\/wp\/v2\/product"}],"about":[{"href":"https:\/\/shop.kustom.ch\/it\/wp-json\/wp\/v2\/types\/product"}],"wp:featuredmedia":[{"embeddable":true,"href":"https:\/\/shop.kustom.ch\/it\/wp-json\/wp\/v2\/media\/499719"}],"wp:attachment":[{"href":"https:\/\/shop.kustom.ch\/it\/wp-json\/wp\/v2\/media?parent=499663"}],"wp:term":[{"taxonomy":"product_brand","embeddable":true,"href":"https:\/\/shop.kustom.ch\/it\/wp-json\/wp\/v2\/product_brand?post=499663"},{"taxonomy":"product_cat","embeddable":true,"href":"https:\/\/shop.kustom.ch\/it\/wp-json\/wp\/v2\/product_cat?post=499663"},{"taxonomy":"product_tag","embeddable":true,"href":"https:\/\/shop.kustom.ch\/it\/wp-json\/wp\/v2\/product_tag?post=499663"}],"curies":[{"name":"wp","href":"https:\/\/api.w.org\/{rel}","templated":true}]}}