{"id":499662,"date":"2025-01-24T23:32:52","date_gmt":"2025-01-24T22:32:52","guid":{"rendered":"https:\/\/shop.kustom.ch\/?post_type=product&#038;p=499662"},"modified":"2026-03-31T11:36:53","modified_gmt":"2026-03-31T10:36:53","slug":"carnation-sweater-men","status":"publish","type":"product","link":"https:\/\/shop.kustom.ch\/it\/prodotto\/carnation-sweater-men\/","title":{"rendered":"Maglione Garofano Uomo"},"content":{"rendered":"<p>Questo maglione alla moda non pu\u00f2 mancare nel guardaroba. Realizzato in cotone confortevole e filati di nylon resistenti, \u00e8 comodo e leggero. Lo scollo rotondo e i polsini sono accentuati da un unico strato e la texture all-over crea un look sottile ed esclusivo. La versione da donna ha polsini decorativi che si estendono fino al gomito. Un look facile da indossare, adatto a tutti i giorni dell'anno.<\/p>\n<p>Materiale: 80% cotone, 20% nylon<\/p>","protected":false},"excerpt":{"rendered":"<p>Der hippe Sweater darf heute in keiner Garderobe fehlen. Aus bequemer Baumwolle und strapazierf\u00e4higen Nylongarnen gesponnen, f\u00fchlt er sich angenehm und leicht an. Der Rundhalsausschnitt und die Manschetten sind einlagig akzentuiert und die Allover Struktur sorgt f\u00fcr einen dezenten, exklusiven Look. Die Damenversion ist mit dekorativen \u00c4rmelb\u00fcndchen ausgestattet, die bis zum Ellbogen reichen. Ein einfach [&hellip;]<\/p>\n","protected":false},"featured_media":499671,"template":"","meta":[],"product_brand":[],"product_cat":[4191],"product_tag":[],"class_list":{"0":"post-499662","1":"product","2":"type-product","3":"status-publish","4":"has-post-thumbnail","6":"product_cat-longsleeves-sweatshirts","7":"pa_brand-cutter-buck","8":"pa_brand-type-sportswear","9":"pa_filter-color-blau","10":"pa_filter-color-braun","11":"pa_filter-color-grau","12":"pa_filter-color-schwarz","13":"pa_filter-color-weiss","15":"first","16":"instock","17":"sale","18":"taxable","19":"shipping-taxable","20":"purchasable","21":"product-type-variable","22":"add-to-wishlist-before_image"},"exclude_global_add_ons":[],"addons":[],"acf":[],"_links":{"self":[{"href":"https:\/\/shop.kustom.ch\/it\/wp-json\/wp\/v2\/product\/499662"}],"collection":[{"href":"https:\/\/shop.kustom.ch\/it\/wp-json\/wp\/v2\/product"}],"about":[{"href":"https:\/\/shop.kustom.ch\/it\/wp-json\/wp\/v2\/types\/product"}],"wp:featuredmedia":[{"embeddable":true,"href":"https:\/\/shop.kustom.ch\/it\/wp-json\/wp\/v2\/media\/499671"}],"wp:attachment":[{"href":"https:\/\/shop.kustom.ch\/it\/wp-json\/wp\/v2\/media?parent=499662"}],"wp:term":[{"taxonomy":"product_brand","embeddable":true,"href":"https:\/\/shop.kustom.ch\/it\/wp-json\/wp\/v2\/product_brand?post=499662"},{"taxonomy":"product_cat","embeddable":true,"href":"https:\/\/shop.kustom.ch\/it\/wp-json\/wp\/v2\/product_cat?post=499662"},{"taxonomy":"product_tag","embeddable":true,"href":"https:\/\/shop.kustom.ch\/it\/wp-json\/wp\/v2\/product_tag?post=499662"}],"curies":[{"name":"wp","href":"https:\/\/api.w.org\/{rel}","templated":true}]}}