{"id":499527,"date":"2025-01-24T23:32:14","date_gmt":"2025-01-24T22:32:14","guid":{"rendered":"https:\/\/shop.kustom.ch\/?post_type=product&#038;p=499527"},"modified":"2026-03-31T11:36:55","modified_gmt":"2026-03-31T10:36:55","slug":"bonney-lake-long-pants-ladies","status":"publish","type":"product","link":"https:\/\/shop.kustom.ch\/it\/prodotto\/bonney-lake-long-pants-ladies\/","title":{"rendered":"Pantaloni lunghi Bonney Lake Donna"},"content":{"rendered":"<p>Dal campo da golf all'ufficio, i pantaloni lunghi Bonney Lake vi daranno una marcia in pi\u00f9, ora disponibili in versione intera. Offrono traspirazione con CB DryTec Twill, UPF 50+ e 4-way stretch per muoversi con voi, rimanendo freschi, asciutti, agili e protetti dal sole. La comoda fascia in vita ha una vestibilit\u00e0 comoda e le tasche anteriori invisibili con zip vi danno un look elegante mentre riponete i vostri oggetti essenziali. Inoltre, una zip nascosta \u00e8 stata aggiunta alla cucitura laterale.<\/p>\n<p>Materiale: 86% poliestere riciclato, 14% elastan<\/p>","protected":false},"excerpt":{"rendered":"<p>Von Golfplatz bis B\u00fcro, die Bonney Lake Long Pants werden Ihnen den entscheidenden Vorteil verschaffen, jetzt in einer vollst\u00e4ndigen L\u00e4nge erh\u00e4ltlich. Sie bieten Feuchtigkeitsableitung mit CB DryTec Twill, UPF 50+ und 4-Wege-Stretch, um sich mit Ihnen zu bewegen, k\u00fchl, trocken, agil und vor der Sonne gesch\u00fctzt zu bleiben. Der bequeme Bund hat eine schmeichelhafte Passform [&hellip;]<\/p>\n","protected":false},"featured_media":499537,"template":"","meta":[],"product_brand":[],"product_cat":[4185],"product_tag":[],"class_list":{"0":"post-499527","1":"product","2":"type-product","3":"status-publish","4":"has-post-thumbnail","6":"product_cat-hosen","7":"pa_brand-cutter-buck","8":"pa_brand-type-sportswear","9":"pa_filter-color-blau","10":"pa_filter-color-schwarz","12":"first","13":"instock","14":"sale","15":"taxable","16":"shipping-taxable","17":"purchasable","18":"product-type-variable","19":"add-to-wishlist-before_image"},"exclude_global_add_ons":[],"addons":[],"acf":[],"_links":{"self":[{"href":"https:\/\/shop.kustom.ch\/it\/wp-json\/wp\/v2\/product\/499527"}],"collection":[{"href":"https:\/\/shop.kustom.ch\/it\/wp-json\/wp\/v2\/product"}],"about":[{"href":"https:\/\/shop.kustom.ch\/it\/wp-json\/wp\/v2\/types\/product"}],"wp:featuredmedia":[{"embeddable":true,"href":"https:\/\/shop.kustom.ch\/it\/wp-json\/wp\/v2\/media\/499537"}],"wp:attachment":[{"href":"https:\/\/shop.kustom.ch\/it\/wp-json\/wp\/v2\/media?parent=499527"}],"wp:term":[{"taxonomy":"product_brand","embeddable":true,"href":"https:\/\/shop.kustom.ch\/it\/wp-json\/wp\/v2\/product_brand?post=499527"},{"taxonomy":"product_cat","embeddable":true,"href":"https:\/\/shop.kustom.ch\/it\/wp-json\/wp\/v2\/product_cat?post=499527"},{"taxonomy":"product_tag","embeddable":true,"href":"https:\/\/shop.kustom.ch\/it\/wp-json\/wp\/v2\/product_tag?post=499527"}],"curies":[{"name":"wp","href":"https:\/\/api.w.org\/{rel}","templated":true}]}}