{"id":499321,"date":"2025-01-24T23:31:21","date_gmt":"2025-01-24T22:31:21","guid":{"rendered":"https:\/\/shop.kustom.ch\/?post_type=product&#038;p=499321"},"modified":"2026-03-31T11:44:03","modified_gmt":"2026-03-31T10:44:03","slug":"bellevue-jacket-men","status":"publish","type":"product","link":"https:\/\/shop.kustom.ch\/it\/prodotto\/bellevue-jacket-men\/","title":{"rendered":"Giacca Bellevue Uomo"},"content":{"rendered":"<p>Questo trench dal taglio leggermente pi\u00f9 lungo e dal design minimalista \u00e8 adatto a tutto l'anno. La leggera fodera Primaloft\u00ae vi terr\u00e0 al caldo durante le uscite del fine settimana e le mattine al lavoro. Il tessuto esterno elasticizzato a tre strati e l'interno completamente sigillato garantiscono un'eccellente protezione dal vento e dall'umidit\u00e0, con una traspirabilit\u00e0 ottimale. Un'elegante giacca urbana che si adatta perfettamente al vostro abito.<\/p>\n<p>Materiale: Materiale esterno: cotone 67%, nylon 33%, fodera: poliestere 100%, imbottitura: poliestere 100%, WP3000, MVP3000<\/p>","protected":false},"excerpt":{"rendered":"<p>Dieser etwas l\u00e4nger geschnittene Trenchcoat im minimalistischen Design, funktioniert das ganze Jahr \u00fcber. Die leichte Primaloft\u00ae F\u00fctterung h\u00e4lt Sie an Wochenendausfl\u00fcgen und am Morgen zur Arbeit warm. Das \u00e4ussere 3 lagige, elastische Gewebe und das vollst\u00e4ndig nahtversiegelte Innere, verleihen Ihnen hervorragenden Schutz vor Wind und N\u00e4sse, bei optimaler Atmungsaktivit\u00e4t. Eine elegante urbane Jacke, die perfekt [&hellip;]<\/p>\n","protected":false},"featured_media":499371,"template":"","meta":[],"product_brand":[],"product_cat":[4186],"product_tag":[],"class_list":{"0":"post-499321","1":"product","2":"type-product","3":"status-publish","4":"has-post-thumbnail","6":"product_cat-jacken","7":"pa_brand-cutter-buck","8":"pa_brand-type-sportswear","9":"pa_filter-color-blau","10":"pa_filter-color-grau","11":"pa_filter-color-schwarz","13":"first","14":"instock","15":"sale","16":"taxable","17":"shipping-taxable","18":"purchasable","19":"product-type-variable","20":"add-to-wishlist-before_image"},"exclude_global_add_ons":[],"addons":[],"acf":[],"_links":{"self":[{"href":"https:\/\/shop.kustom.ch\/it\/wp-json\/wp\/v2\/product\/499321"}],"collection":[{"href":"https:\/\/shop.kustom.ch\/it\/wp-json\/wp\/v2\/product"}],"about":[{"href":"https:\/\/shop.kustom.ch\/it\/wp-json\/wp\/v2\/types\/product"}],"wp:featuredmedia":[{"embeddable":true,"href":"https:\/\/shop.kustom.ch\/it\/wp-json\/wp\/v2\/media\/499371"}],"wp:attachment":[{"href":"https:\/\/shop.kustom.ch\/it\/wp-json\/wp\/v2\/media?parent=499321"}],"wp:term":[{"taxonomy":"product_brand","embeddable":true,"href":"https:\/\/shop.kustom.ch\/it\/wp-json\/wp\/v2\/product_brand?post=499321"},{"taxonomy":"product_cat","embeddable":true,"href":"https:\/\/shop.kustom.ch\/it\/wp-json\/wp\/v2\/product_cat?post=499321"},{"taxonomy":"product_tag","embeddable":true,"href":"https:\/\/shop.kustom.ch\/it\/wp-json\/wp\/v2\/product_tag?post=499321"}],"curies":[{"name":"wp","href":"https:\/\/api.w.org\/{rel}","templated":true}]}}