{"id":499183,"date":"2025-01-24T23:30:46","date_gmt":"2025-01-24T22:30:46","guid":{"rendered":"https:\/\/shop.kustom.ch\/?post_type=product&#038;p=499183"},"modified":"2026-03-31T11:43:30","modified_gmt":"2026-03-31T10:43:30","slug":"belfair-oxford-shirt-ladies","status":"publish","type":"product","link":"https:\/\/shop.kustom.ch\/it\/prodotto\/belfair-oxford-shirt-ladies\/","title":{"rendered":"Camicia Oxford Belfair Donna"},"content":{"rendered":"<p>Belfair \u00e8 una camicia Oxford di nuova concezione con un tradizionale colletto button down abbinato a dettagli di stile. Cotone di alta qualit\u00e0, morbidissimo al tatto, per un abbigliamento confortevole. Camicia da uomo con cucitura laterale a doppio ago, camicia da donna con cucitura laterale a cinque aghi per una linea di vita sagomata. Questo capo essenziale trasmette leggerezza, comfort e un look elegante.<\/p>\n<p>Materiale: cotone 100%<\/p>","protected":false},"excerpt":{"rendered":"<p>Belfair ist ein neu entwickeltes Oxford Hemd mit traditionellen Button Down Kragen kombiniert mit stilvollen Details. Hochwertige Baumwolle mit superweicher Haptik f\u00fcr ein komfortables Tragegef\u00fchl. Herrenhemd Doppelnadel Seitennaht, Damenshirtf f\u00fcnf Nadel Seitennaht f\u00fcr eine geformte Taillenlinie. Dieses unverzichtbare Kleidungsst\u00fcck vermittelt Leichtigkeit, Komfort und eine adrette Optik. Material: 100% Baumwolle<\/p>","protected":false},"featured_media":499233,"template":"","meta":[],"product_brand":[],"product_cat":[9895],"product_tag":[],"class_list":{"0":"post-499183","1":"product","2":"type-product","3":"status-publish","4":"has-post-thumbnail","6":"product_cat-blusen","7":"pa_brand-cutter-buck","8":"pa_brand-type-sportswear","9":"pa_filter-color-blau","10":"pa_filter-color-grau","11":"pa_filter-color-pink","12":"pa_filter-color-rot","13":"pa_filter-color-schwarz","14":"pa_filter-color-weiss","16":"first","17":"instock","18":"sale","19":"taxable","20":"shipping-taxable","21":"purchasable","22":"product-type-variable","23":"add-to-wishlist-before_image"},"exclude_global_add_ons":[],"addons":[],"acf":[],"_links":{"self":[{"href":"https:\/\/shop.kustom.ch\/it\/wp-json\/wp\/v2\/product\/499183"}],"collection":[{"href":"https:\/\/shop.kustom.ch\/it\/wp-json\/wp\/v2\/product"}],"about":[{"href":"https:\/\/shop.kustom.ch\/it\/wp-json\/wp\/v2\/types\/product"}],"wp:featuredmedia":[{"embeddable":true,"href":"https:\/\/shop.kustom.ch\/it\/wp-json\/wp\/v2\/media\/499233"}],"wp:attachment":[{"href":"https:\/\/shop.kustom.ch\/it\/wp-json\/wp\/v2\/media?parent=499183"}],"wp:term":[{"taxonomy":"product_brand","embeddable":true,"href":"https:\/\/shop.kustom.ch\/it\/wp-json\/wp\/v2\/product_brand?post=499183"},{"taxonomy":"product_cat","embeddable":true,"href":"https:\/\/shop.kustom.ch\/it\/wp-json\/wp\/v2\/product_cat?post=499183"},{"taxonomy":"product_tag","embeddable":true,"href":"https:\/\/shop.kustom.ch\/it\/wp-json\/wp\/v2\/product_tag?post=499183"}],"curies":[{"name":"wp","href":"https:\/\/api.w.org\/{rel}","templated":true}]}}