{"id":499182,"date":"2025-01-24T23:30:46","date_gmt":"2025-01-24T22:30:46","guid":{"rendered":"https:\/\/shop.kustom.ch\/?post_type=product&#038;p=499182"},"modified":"2026-03-31T11:36:58","modified_gmt":"2026-03-31T10:36:58","slug":"bangor-belt","status":"publish","type":"product","link":"https:\/\/shop.kustom.ch\/it\/prodotto\/bangor-belt\/","title":{"rendered":"Cintura di Bangor"},"content":{"rendered":"<p>La cintura giusta per ogni occasione e facile da usare. \u00c8 sufficiente rimuovere la fibbia con il logo CB per passare da un colore all'altro della cintura: blu scuro, nero e bianco. La fibbia rimovibile consente inoltre di regolare le dimensioni della cintura. Lunghezza: 130 cm, larghezza: 4 cm.<\/p>\n<p>Materiale: fibbia: ferro 100% ; fettuccia: poliestere 40%, gomma 60%<\/p>","protected":false},"excerpt":{"rendered":"<p>F\u00fcr jeden Anlassden passenden Gurt und einfach zu bedienen. Entfernen Sie einfach die Schnalle mit dem CB-Logo und wechseln sie zwischen den G\u00fcrtelfarboptionen Dunkelblau, Schwarz und Weiss. Die abnehmbare Schnalle erm\u00f6glicht es Ihnen auch, die Gr\u00f6sse des G\u00fcrtels anzupassen. L\u00e4nge: 130 cm, Breite: 4 cm. Material: Schnalle: 100% Eisen ; Gurtband: 40% Polyester, 60% Gummi<\/p>","protected":false},"featured_media":499231,"template":"","meta":[],"product_brand":[],"product_cat":[4178,4209],"product_tag":[],"class_list":{"0":"post-499182","1":"product","2":"type-product","3":"status-publish","4":"has-post-thumbnail","6":"product_cat-guertel","7":"product_cat-zubehoer","8":"pa_brand-cutter-buck","9":"pa_brand-type-sportswear","10":"pa_filter-color-schwarz","12":"first","13":"instock","14":"sale","15":"taxable","16":"shipping-taxable","17":"purchasable","18":"product-type-variable","19":"add-to-wishlist-before_image"},"exclude_global_add_ons":[],"addons":[],"acf":[],"_links":{"self":[{"href":"https:\/\/shop.kustom.ch\/it\/wp-json\/wp\/v2\/product\/499182"}],"collection":[{"href":"https:\/\/shop.kustom.ch\/it\/wp-json\/wp\/v2\/product"}],"about":[{"href":"https:\/\/shop.kustom.ch\/it\/wp-json\/wp\/v2\/types\/product"}],"wp:featuredmedia":[{"embeddable":true,"href":"https:\/\/shop.kustom.ch\/it\/wp-json\/wp\/v2\/media\/499231"}],"wp:attachment":[{"href":"https:\/\/shop.kustom.ch\/it\/wp-json\/wp\/v2\/media?parent=499182"}],"wp:term":[{"taxonomy":"product_brand","embeddable":true,"href":"https:\/\/shop.kustom.ch\/it\/wp-json\/wp\/v2\/product_brand?post=499182"},{"taxonomy":"product_cat","embeddable":true,"href":"https:\/\/shop.kustom.ch\/it\/wp-json\/wp\/v2\/product_cat?post=499182"},{"taxonomy":"product_tag","embeddable":true,"href":"https:\/\/shop.kustom.ch\/it\/wp-json\/wp\/v2\/product_tag?post=499182"}],"curies":[{"name":"wp","href":"https:\/\/api.w.org\/{rel}","templated":true}]}}