{"id":498699,"date":"2025-01-24T23:28:52","date_gmt":"2025-01-24T22:28:52","guid":{"rendered":"https:\/\/shop.kustom.ch\/?post_type=product&#038;p=498699"},"modified":"2026-03-31T11:35:18","modified_gmt":"2026-03-31T10:35:18","slug":"advantage-polo-men","status":"publish","type":"product","link":"https:\/\/shop.kustom.ch\/it\/prodotto\/advantage-polo-men\/","title":{"rendered":"Polo Advantage Uomo"},"content":{"rendered":"<p>La nostra esclusiva polo in tri-blend di cotone, poliestere ed elastan offre la massima versatilit\u00e0 per il vostro stile di vita attivo. La finitura C&amp;B DryTec Cotton +35 con protezione UV offre una sensazione di morbidezza con un pizzico di elasticit\u00e0 e una buona traspirazione, rendendo questa polo un capo desiderabile.  Cuciture arrotondate sulle spalle per una vestibilit\u00e0 migliore e pi\u00f9 moderna.<\/p>\n<p>Materiale: 52% cotone, 45% poliestere, 3% elastan<\/p>","protected":false},"excerpt":{"rendered":"<p>Unser einzigartiges Tri Blend Polo aus Baumwolle, Polyester und Elasthan bietet maximale Vielseitigkeit f\u00fcr Ihren aktiven Lebensstil. Die C&amp;B DryTec Cotton +35 UV Schutz Verarbeitung bietet eine weiche Haptik mit einem Hauch von Stretch und einen guten Feuchtigkeitsabtransport, was dieses Polo zu einem begehrten Kleidungsst\u00fcck macht. Abgerundete N\u00e4hte an den Schultern f\u00fcr eine bessere, modernere [&hellip;]<\/p>\n","protected":false},"featured_media":498710,"template":"","meta":[],"product_brand":[],"product_cat":[4193],"product_tag":[],"class_list":{"0":"post-498699","1":"product","2":"type-product","3":"status-publish","4":"has-post-thumbnail","6":"product_cat-polos","7":"pa_brand-cutter-buck","8":"pa_brand-type-sportswear","9":"pa_filter-color-blau","10":"pa_filter-color-grau","11":"pa_filter-color-gruen","12":"pa_filter-color-rot","13":"pa_filter-color-schwarz","14":"pa_filter-color-weiss","16":"first","17":"instock","18":"sale","19":"taxable","20":"shipping-taxable","21":"purchasable","22":"product-type-variable","23":"add-to-wishlist-before_image"},"exclude_global_add_ons":[],"addons":[],"acf":[],"_links":{"self":[{"href":"https:\/\/shop.kustom.ch\/it\/wp-json\/wp\/v2\/product\/498699"}],"collection":[{"href":"https:\/\/shop.kustom.ch\/it\/wp-json\/wp\/v2\/product"}],"about":[{"href":"https:\/\/shop.kustom.ch\/it\/wp-json\/wp\/v2\/types\/product"}],"wp:featuredmedia":[{"embeddable":true,"href":"https:\/\/shop.kustom.ch\/it\/wp-json\/wp\/v2\/media\/498710"}],"wp:attachment":[{"href":"https:\/\/shop.kustom.ch\/it\/wp-json\/wp\/v2\/media?parent=498699"}],"wp:term":[{"taxonomy":"product_brand","embeddable":true,"href":"https:\/\/shop.kustom.ch\/it\/wp-json\/wp\/v2\/product_brand?post=498699"},{"taxonomy":"product_cat","embeddable":true,"href":"https:\/\/shop.kustom.ch\/it\/wp-json\/wp\/v2\/product_cat?post=498699"},{"taxonomy":"product_tag","embeddable":true,"href":"https:\/\/shop.kustom.ch\/it\/wp-json\/wp\/v2\/product_tag?post=498699"}],"curies":[{"name":"wp","href":"https:\/\/api.w.org\/{rel}","templated":true}]}}