{"id":498492,"date":"2025-01-24T23:27:57","date_gmt":"2025-01-24T22:27:57","guid":{"rendered":"https:\/\/shop.kustom.ch\/?post_type=product&#038;p=498492"},"modified":"2026-03-31T11:40:27","modified_gmt":"2026-03-31T10:40:27","slug":"advantage-leisure-shirt-ladies","status":"publish","type":"product","link":"https:\/\/shop.kustom.ch\/it\/prodotto\/advantage-leisure-shirt-ladies\/","title":{"rendered":"Camicia Advantage Leisure Donna"},"content":{"rendered":"<p>Ampliate il vostro guardaroba con la nostra Advantage Leisure Shirt, perfetta per aggiungere un tocco di stile a qualsiasi outfit. Con una vestibilit\u00e0 rilassata, questo capo si adatta a qualsiasi occasione e offre il massimo comfort e un look casual. Realizzata con la nostra innovativa miscela Advantage di cotone, poliestere riciclato ed elastan, garantisce durata e flessibilit\u00e0. Abbinatela ai nostri pantaloni chino e a una T-shirt Manzanita per un look casual ma alla moda. Questa eccezionale maglia over combina un design di tendenza con un profondo impegno per la sostenibilit\u00e0.<\/p>\n<p>Materiale: 50% cotone, 45% poliestere riciclato, 5% spandex<\/p>","protected":false},"excerpt":{"rendered":"<p>Erweitern Sie Ihre Garderobe mit unserem Advantage Leisure Shirt, perfekt, um jedem Outfit eine stilvolle Note hinzuzuf\u00fcgen. Mit einer lockeren Passform passt dieses St\u00fcck zu jeder Gelegenheit und bietet ultimativen Komfort und einen l\u00e4ssigen Look. Hergestellt aus unserem innovativen Advantage-Blend aus Baumwolle, recyceltem Polyester und Elastan gew\u00e4hrleistet es Langlebigkeit und Flexibilit\u00e4t. Kombinieren Sie es mit [&hellip;]<\/p>\n","protected":false},"featured_media":498518,"template":"","meta":[],"product_brand":[],"product_cat":[9895],"product_tag":[],"class_list":{"0":"post-498492","1":"product","2":"type-product","3":"status-publish","4":"has-post-thumbnail","6":"product_cat-blusen","7":"pa_brand-cutter-buck","8":"pa_brand-type-sportswear","9":"pa_filter-color-beige","10":"pa_filter-color-blau","11":"pa_filter-color-schwarz","13":"first","14":"instock","15":"sale","16":"taxable","17":"shipping-taxable","18":"purchasable","19":"product-type-variable","20":"add-to-wishlist-before_image"},"exclude_global_add_ons":[],"addons":[],"acf":[],"_links":{"self":[{"href":"https:\/\/shop.kustom.ch\/it\/wp-json\/wp\/v2\/product\/498492"}],"collection":[{"href":"https:\/\/shop.kustom.ch\/it\/wp-json\/wp\/v2\/product"}],"about":[{"href":"https:\/\/shop.kustom.ch\/it\/wp-json\/wp\/v2\/types\/product"}],"wp:featuredmedia":[{"embeddable":true,"href":"https:\/\/shop.kustom.ch\/it\/wp-json\/wp\/v2\/media\/498518"}],"wp:attachment":[{"href":"https:\/\/shop.kustom.ch\/it\/wp-json\/wp\/v2\/media?parent=498492"}],"wp:term":[{"taxonomy":"product_brand","embeddable":true,"href":"https:\/\/shop.kustom.ch\/it\/wp-json\/wp\/v2\/product_brand?post=498492"},{"taxonomy":"product_cat","embeddable":true,"href":"https:\/\/shop.kustom.ch\/it\/wp-json\/wp\/v2\/product_cat?post=498492"},{"taxonomy":"product_tag","embeddable":true,"href":"https:\/\/shop.kustom.ch\/it\/wp-json\/wp\/v2\/product_tag?post=498492"}],"curies":[{"name":"wp","href":"https:\/\/api.w.org\/{rel}","templated":true}]}}