{"id":498424,"date":"2025-01-24T23:27:35","date_gmt":"2025-01-24T22:27:35","guid":{"rendered":"https:\/\/shop.kustom.ch\/?post_type=product&#038;p=498424"},"modified":"2026-03-31T11:40:56","modified_gmt":"2026-03-31T10:40:56","slug":"adapt-hz-ladies","status":"publish","type":"product","link":"https:\/\/shop.kustom.ch\/it\/prodotto\/adapt-hz-ladies\/","title":{"rendered":"Adapt HZ Donna"},"content":{"rendered":"<p>Progettata all'insegna della sostenibilit\u00e0 e dello stile, la nostra mezza zip Adapt \u00e8 realizzata con tessuti riciclati ecologici. Il rivestimento in pile spazzolato \u00e8 ideale per essere indossato tutto l'anno ed \u00e8 dotato di tecnologia di traspirazione per mantenervi freschi e asciutti durante l'attivit\u00e0 fisica intensa.<\/p>\n<p>Materiale: Drytec; 88% poliestere riciclato, 12% elastane<\/p>","protected":false},"excerpt":{"rendered":"<p>Unser Adapt Half Zip ist mit Nachhaltigkeit und Stil im Sinn konzipiert und aus umweltfreundlichen recycelten Stoffen hergestellt. Die geb\u00fcrstete R\u00fcckseite aus Fleece eignet sich ideal f\u00fcr das Schichten das ganze Jahr \u00fcber und verf\u00fcgt \u00fcber Feuchtigkeitsabtransport-Technologie, die Sie w\u00e4hrend intensiver k\u00f6rperlicher Aktivit\u00e4ten k\u00fchl und trocken h\u00e4lt. Material: Drytec; 88% Recycling-Polyester, 12% Elasthan<\/p>","protected":false},"featured_media":498471,"template":"","meta":[],"product_brand":[],"product_cat":[4191],"product_tag":[],"class_list":{"0":"post-498424","1":"product","2":"type-product","3":"status-publish","4":"has-post-thumbnail","6":"product_cat-longsleeves-sweatshirts","7":"pa_brand-cutter-buck","8":"pa_brand-type-sportswear","9":"pa_filter-color-blau","10":"pa_filter-color-schwarz","12":"first","13":"instock","14":"sale","15":"taxable","16":"shipping-taxable","17":"purchasable","18":"product-type-variable","19":"add-to-wishlist-before_image"},"exclude_global_add_ons":[],"addons":[],"acf":[],"_links":{"self":[{"href":"https:\/\/shop.kustom.ch\/it\/wp-json\/wp\/v2\/product\/498424"}],"collection":[{"href":"https:\/\/shop.kustom.ch\/it\/wp-json\/wp\/v2\/product"}],"about":[{"href":"https:\/\/shop.kustom.ch\/it\/wp-json\/wp\/v2\/types\/product"}],"wp:featuredmedia":[{"embeddable":true,"href":"https:\/\/shop.kustom.ch\/it\/wp-json\/wp\/v2\/media\/498471"}],"wp:attachment":[{"href":"https:\/\/shop.kustom.ch\/it\/wp-json\/wp\/v2\/media?parent=498424"}],"wp:term":[{"taxonomy":"product_brand","embeddable":true,"href":"https:\/\/shop.kustom.ch\/it\/wp-json\/wp\/v2\/product_brand?post=498424"},{"taxonomy":"product_cat","embeddable":true,"href":"https:\/\/shop.kustom.ch\/it\/wp-json\/wp\/v2\/product_cat?post=498424"},{"taxonomy":"product_tag","embeddable":true,"href":"https:\/\/shop.kustom.ch\/it\/wp-json\/wp\/v2\/product_tag?post=498424"}],"curies":[{"name":"wp","href":"https:\/\/api.w.org\/{rel}","templated":true}]}}