{"id":498423,"date":"2025-01-24T23:27:35","date_gmt":"2025-01-24T22:27:35","guid":{"rendered":"https:\/\/shop.kustom.ch\/?post_type=product&#038;p=498423"},"modified":"2026-03-31T11:40:00","modified_gmt":"2026-03-31T10:40:00","slug":"adapt-fz-jacket-men","status":"publish","type":"product","link":"https:\/\/shop.kustom.ch\/it\/prodotto\/adapt-fz-jacket-men\/","title":{"rendered":"Giacca Adapt FZ Uomo"},"content":{"rendered":"<p>L'iconica Adapt Full Zip Jacket \u00e8 stata progettata pensando sia alla sostenibilit\u00e0 che allo stile. Abbiamo realizzato questa giacca con tessuti riciclati di alta qualit\u00e0 ed ecologici certificati per offrirvi un equilibrio tra elasticit\u00e0 e calore leggero, con un pile spazzolato sul retro per indossarla tutto l'anno. \u00c8 inoltre dotata di tecnologia di gestione dell'umidit\u00e0 per aiutarvi a rimanere freschi e asciutti durante l'attivit\u00e0 fisica intensa. La giacca ha una vestibilit\u00e0 comoda e ampia e presenta due tasche con zip sul davanti.<\/p>\n<p>Materiale: Drytec; 88% poliestere riciclato, 12% elastane<\/p>","protected":false},"excerpt":{"rendered":"<p>Die ikonische Adapt Full Zip Jacke wurde sowohl unter Ber\u00fccksichtigung von Nachhaltigkeit als auch von Stil entwickelt. Wir haben diese Jacke aus hochwertigen, zertifizierten umweltfreundlichen recycelten Stoffen hergestellt, um Ihnen eine Balance aus Stretch und leichter W\u00e4rme mit dem aufgeb\u00fcrsteten Fleece auf der R\u00fcckseite f\u00fcr das Tragen das ganze Jahr \u00fcber zu bieten. Sie ist [&hellip;]<\/p>\n","protected":false},"featured_media":498447,"template":"","meta":[],"product_brand":[],"product_cat":[4186],"product_tag":[],"class_list":{"0":"post-498423","1":"product","2":"type-product","3":"status-publish","4":"has-post-thumbnail","6":"product_cat-jacken","7":"pa_brand-cutter-buck","8":"pa_brand-type-sportswear","9":"pa_filter-color-blau","10":"pa_filter-color-gruen","11":"pa_filter-color-schwarz","13":"first","14":"instock","15":"sale","16":"taxable","17":"shipping-taxable","18":"purchasable","19":"product-type-variable","20":"add-to-wishlist-before_image"},"exclude_global_add_ons":[],"addons":[],"acf":[],"_links":{"self":[{"href":"https:\/\/shop.kustom.ch\/it\/wp-json\/wp\/v2\/product\/498423"}],"collection":[{"href":"https:\/\/shop.kustom.ch\/it\/wp-json\/wp\/v2\/product"}],"about":[{"href":"https:\/\/shop.kustom.ch\/it\/wp-json\/wp\/v2\/types\/product"}],"wp:featuredmedia":[{"embeddable":true,"href":"https:\/\/shop.kustom.ch\/it\/wp-json\/wp\/v2\/media\/498447"}],"wp:attachment":[{"href":"https:\/\/shop.kustom.ch\/it\/wp-json\/wp\/v2\/media?parent=498423"}],"wp:term":[{"taxonomy":"product_brand","embeddable":true,"href":"https:\/\/shop.kustom.ch\/it\/wp-json\/wp\/v2\/product_brand?post=498423"},{"taxonomy":"product_cat","embeddable":true,"href":"https:\/\/shop.kustom.ch\/it\/wp-json\/wp\/v2\/product_cat?post=498423"},{"taxonomy":"product_tag","embeddable":true,"href":"https:\/\/shop.kustom.ch\/it\/wp-json\/wp\/v2\/product_tag?post=498423"}],"curies":[{"name":"wp","href":"https:\/\/api.w.org\/{rel}","templated":true}]}}