{"id":498385,"date":"2025-01-24T22:22:36","date_gmt":"2025-01-24T21:22:36","guid":{"rendered":"https:\/\/shop.kustom.ch\/?post_type=product&#038;p=498385"},"modified":"2026-03-31T10:16:20","modified_gmt":"2026-03-31T09:16:20","slug":"waist-apron-short","status":"publish","type":"product","link":"https:\/\/shop.kustom.ch\/it\/prodotto\/waist-apron-short\/","title":{"rendered":"Grembiule corto in vita"},"content":{"rendered":"<p>Grembiule corto da bistrot con nastro da annodare. La tasca frontale applicata \u00e8 divisa al centro. Versione in twill con cuciture decorative tono su tono, il grembiule in denim ha cuciture gialle.<\/p>\n<p>Materiale: 100% cotone equosolidale da agricoltura biologica<\/p>","protected":false},"excerpt":{"rendered":"<p>Kurze Bistrosch\u00fcrze mit Bindeband. Die aufgesetzte Fronttasche ist in der Mitte geteilt. Twill Version mit Ziern\u00e4hten Ton in Ton, die Denim-Sch\u00fcrze hat gelbe N\u00e4hte Material: 100% \u00f6kologisch angebaute Baumwolle Fairtrade<\/p>","protected":false},"featured_media":498412,"template":"","meta":[],"product_brand":[],"product_cat":[4209],"product_tag":[],"class_list":{"0":"post-498385","1":"product","2":"type-product","3":"status-publish","4":"has-post-thumbnail","6":"product_cat-zubehoer","7":"pa_brand-cottover","8":"pa_brand-type-sportswear","9":"pa_filter-color-blau","10":"pa_filter-color-gruen","11":"pa_filter-color-schwarz","13":"first","14":"instock","15":"sale","16":"taxable","17":"shipping-taxable","18":"purchasable","19":"product-type-variable","20":"add-to-wishlist-before_image"},"exclude_global_add_ons":[],"addons":[],"acf":[],"_links":{"self":[{"href":"https:\/\/shop.kustom.ch\/it\/wp-json\/wp\/v2\/product\/498385"}],"collection":[{"href":"https:\/\/shop.kustom.ch\/it\/wp-json\/wp\/v2\/product"}],"about":[{"href":"https:\/\/shop.kustom.ch\/it\/wp-json\/wp\/v2\/types\/product"}],"wp:featuredmedia":[{"embeddable":true,"href":"https:\/\/shop.kustom.ch\/it\/wp-json\/wp\/v2\/media\/498412"}],"wp:attachment":[{"href":"https:\/\/shop.kustom.ch\/it\/wp-json\/wp\/v2\/media?parent=498385"}],"wp:term":[{"taxonomy":"product_brand","embeddable":true,"href":"https:\/\/shop.kustom.ch\/it\/wp-json\/wp\/v2\/product_brand?post=498385"},{"taxonomy":"product_cat","embeddable":true,"href":"https:\/\/shop.kustom.ch\/it\/wp-json\/wp\/v2\/product_cat?post=498385"},{"taxonomy":"product_tag","embeddable":true,"href":"https:\/\/shop.kustom.ch\/it\/wp-json\/wp\/v2\/product_tag?post=498385"}],"curies":[{"name":"wp","href":"https:\/\/api.w.org\/{rel}","templated":true}]}}