{"id":497790,"date":"2025-01-24T22:20:00","date_gmt":"2025-01-24T21:20:00","guid":{"rendered":"https:\/\/shop.kustom.ch\/?post_type=product&#038;p=497790"},"modified":"2026-03-31T10:17:53","modified_gmt":"2026-03-31T09:17:53","slug":"t-shirt-ss-kid","status":"publish","type":"product","link":"https:\/\/shop.kustom.ch\/it\/prodotto\/t-shirt-ss-kid\/","title":{"rendered":"Maglietta SS Kid"},"content":{"rendered":"<p>T-shirt a girocollo per uomo, donna e bambino. Leggermente pi\u00f9 sottile, con un taglio pi\u00f9 moderno e colletto a coste. Realizzata in cotone pregiato di altissima qualit\u00e0.<\/p>\n<p>Materiale: 100% cotone equosolidale da agricoltura biologica<\/p>","protected":false},"excerpt":{"rendered":"<p>Rundhals-T-Shirt f\u00fcr Herren, Damen und Kinder. Etwas d\u00fcnner und mit modernerem Schnitt und geripptem Kragen. Aus feiner Baumwolle h\u00f6chster Qualit\u00e4t. Material: 100% \u00f6kologisch angebaute Baumwolle Fairtrade<\/p>","protected":false},"featured_media":497852,"template":"","meta":[],"product_brand":[],"product_cat":[4201],"product_tag":[],"class_list":{"0":"post-497790","1":"product","2":"type-product","3":"status-publish","4":"has-post-thumbnail","6":"product_cat-t-shirts","7":"pa_brand-cottover","8":"pa_brand-type-sportswear","9":"pa_filter-color-blau","10":"pa_filter-color-grau","11":"pa_filter-color-gruen","12":"pa_filter-color-pink","13":"pa_filter-color-rot","14":"pa_filter-color-schwarz","15":"pa_filter-color-weiss","17":"first","18":"instock","19":"sale","20":"taxable","21":"shipping-taxable","22":"purchasable","23":"product-type-variable","24":"add-to-wishlist-before_image"},"exclude_global_add_ons":[],"addons":[],"acf":[],"_links":{"self":[{"href":"https:\/\/shop.kustom.ch\/it\/wp-json\/wp\/v2\/product\/497790"}],"collection":[{"href":"https:\/\/shop.kustom.ch\/it\/wp-json\/wp\/v2\/product"}],"about":[{"href":"https:\/\/shop.kustom.ch\/it\/wp-json\/wp\/v2\/types\/product"}],"wp:featuredmedia":[{"embeddable":true,"href":"https:\/\/shop.kustom.ch\/it\/wp-json\/wp\/v2\/media\/497852"}],"wp:attachment":[{"href":"https:\/\/shop.kustom.ch\/it\/wp-json\/wp\/v2\/media?parent=497790"}],"wp:term":[{"taxonomy":"product_brand","embeddable":true,"href":"https:\/\/shop.kustom.ch\/it\/wp-json\/wp\/v2\/product_brand?post=497790"},{"taxonomy":"product_cat","embeddable":true,"href":"https:\/\/shop.kustom.ch\/it\/wp-json\/wp\/v2\/product_cat?post=497790"},{"taxonomy":"product_tag","embeddable":true,"href":"https:\/\/shop.kustom.ch\/it\/wp-json\/wp\/v2\/product_tag?post=497790"}],"curies":[{"name":"wp","href":"https:\/\/api.w.org\/{rel}","templated":true}]}}