{"id":497721,"date":"2025-01-24T22:19:43","date_gmt":"2025-01-24T21:19:43","guid":{"rendered":"https:\/\/shop.kustom.ch\/?post_type=product&#038;p=497721"},"modified":"2026-03-31T10:21:15","modified_gmt":"2026-03-31T09:21:15","slug":"t-shirt-long-sleeve-man","status":"publish","type":"product","link":"https:\/\/shop.kustom.ch\/it\/prodotto\/t-shirt-long-sleeve-man\/","title":{"rendered":"Maglietta manica lunga uomo"},"content":{"rendered":"<p>T-shirt a maniche lunghe per uomo e donna. Leggermente pi\u00f9 sottile, con un taglio pi\u00f9 moderno e colletto a coste. Realizzata in cotone pregiato di altissima qualit\u00e0.<\/p>\n<p>Materiale: 100% cotone equosolidale da agricoltura biologica<\/p>","protected":false},"excerpt":{"rendered":"<p>Langarm-T-Shirt f\u00fcr Herren und Damen. Etwas d\u00fcnner und mit modernerem Schnitt und geripptem Kragen. Aus feiner Baumwolle h\u00f6chster Qualit\u00e4t. Material: 100% \u00f6kologisch angebaute Baumwolle Fairtrade<\/p>","protected":false},"featured_media":497739,"template":"","meta":[],"product_brand":[],"product_cat":[4201],"product_tag":[],"class_list":{"0":"post-497721","1":"product","2":"type-product","3":"status-publish","4":"has-post-thumbnail","6":"product_cat-t-shirts","7":"pa_brand-cottover","8":"pa_brand-type-sportswear","9":"pa_filter-color-blau","10":"pa_filter-color-gelb","11":"pa_filter-color-grau","12":"pa_filter-color-gruen","13":"pa_filter-color-orange","14":"pa_filter-color-pink","15":"pa_filter-color-rot","16":"pa_filter-color-schwarz","17":"pa_filter-color-violet","18":"pa_filter-color-weiss","20":"first","21":"instock","22":"sale","23":"taxable","24":"shipping-taxable","25":"purchasable","26":"product-type-variable","27":"add-to-wishlist-before_image"},"exclude_global_add_ons":[],"addons":[],"acf":[],"_links":{"self":[{"href":"https:\/\/shop.kustom.ch\/it\/wp-json\/wp\/v2\/product\/497721"}],"collection":[{"href":"https:\/\/shop.kustom.ch\/it\/wp-json\/wp\/v2\/product"}],"about":[{"href":"https:\/\/shop.kustom.ch\/it\/wp-json\/wp\/v2\/types\/product"}],"wp:featuredmedia":[{"embeddable":true,"href":"https:\/\/shop.kustom.ch\/it\/wp-json\/wp\/v2\/media\/497739"}],"wp:attachment":[{"href":"https:\/\/shop.kustom.ch\/it\/wp-json\/wp\/v2\/media?parent=497721"}],"wp:term":[{"taxonomy":"product_brand","embeddable":true,"href":"https:\/\/shop.kustom.ch\/it\/wp-json\/wp\/v2\/product_brand?post=497721"},{"taxonomy":"product_cat","embeddable":true,"href":"https:\/\/shop.kustom.ch\/it\/wp-json\/wp\/v2\/product_cat?post=497721"},{"taxonomy":"product_tag","embeddable":true,"href":"https:\/\/shop.kustom.ch\/it\/wp-json\/wp\/v2\/product_tag?post=497721"}],"curies":[{"name":"wp","href":"https:\/\/api.w.org\/{rel}","templated":true}]}}