{"id":497162,"date":"2025-01-24T22:17:40","date_gmt":"2025-01-24T21:17:40","guid":{"rendered":"https:\/\/shop.kustom.ch\/?post_type=product&#038;p=497162"},"modified":"2026-03-31T10:17:37","modified_gmt":"2026-03-31T09:17:37","slug":"stretch-pique-man","status":"publish","type":"product","link":"https:\/\/shop.kustom.ch\/it\/prodotto\/stretch-pique-man\/","title":{"rendered":"Stretch Piqu\u00e9 Uomo"},"content":{"rendered":"<p>Polo da uomo elasticizzata in look piqu\u00e9. Realizzata in cotone organico ed elastan per una migliore vestibilit\u00e0. Colletto e polsini a coste, spacchetti laterali.<\/p>\n<p>Materiale: Colore 855 e 990: 96% cotone biologico Fairtrade 4% elastan Colore 955: 90% cotone biologico Fairtrade, 6% viscosa, 4% elastan<\/p>","protected":false},"excerpt":{"rendered":"<p>Stretch Herren Polo in Pique Optik. Aus Bio Baumwolle und Elasthan f\u00fcr eine bessere Passform. Kragen und Armabschluss gerippt, Seitenschlitze. Material: Farbe 855 &amp; 990: 96% \u00f6kologische angebaute Baumwolle Fairtrade 4% Elasthan Farbe 955: 90% \u00f6kologische angebaute Baumwolle Fairtrade, 6% Viskose, 4% Elasthan<\/p>","protected":false},"featured_media":497182,"template":"","meta":[],"product_brand":[],"product_cat":[4193],"product_tag":[],"class_list":{"0":"post-497162","1":"product","2":"type-product","3":"status-publish","4":"has-post-thumbnail","6":"product_cat-polos","7":"pa_brand-cottover","8":"pa_brand-type-sportswear","9":"pa_filter-color-blau","10":"pa_filter-color-grau","11":"pa_filter-color-schwarz","13":"first","14":"instock","15":"sale","16":"taxable","17":"shipping-taxable","18":"purchasable","19":"product-type-variable","20":"add-to-wishlist-before_image"},"exclude_global_add_ons":[],"addons":[],"acf":[],"_links":{"self":[{"href":"https:\/\/shop.kustom.ch\/it\/wp-json\/wp\/v2\/product\/497162"}],"collection":[{"href":"https:\/\/shop.kustom.ch\/it\/wp-json\/wp\/v2\/product"}],"about":[{"href":"https:\/\/shop.kustom.ch\/it\/wp-json\/wp\/v2\/types\/product"}],"wp:featuredmedia":[{"embeddable":true,"href":"https:\/\/shop.kustom.ch\/it\/wp-json\/wp\/v2\/media\/497182"}],"wp:attachment":[{"href":"https:\/\/shop.kustom.ch\/it\/wp-json\/wp\/v2\/media?parent=497162"}],"wp:term":[{"taxonomy":"product_brand","embeddable":true,"href":"https:\/\/shop.kustom.ch\/it\/wp-json\/wp\/v2\/product_brand?post=497162"},{"taxonomy":"product_cat","embeddable":true,"href":"https:\/\/shop.kustom.ch\/it\/wp-json\/wp\/v2\/product_cat?post=497162"},{"taxonomy":"product_tag","embeddable":true,"href":"https:\/\/shop.kustom.ch\/it\/wp-json\/wp\/v2\/product_tag?post=497162"}],"curies":[{"name":"wp","href":"https:\/\/api.w.org\/{rel}","templated":true}]}}