{"id":496887,"date":"2025-01-24T22:16:45","date_gmt":"2025-01-24T21:16:45","guid":{"rendered":"https:\/\/shop.kustom.ch\/?post_type=product&#038;p=496887"},"modified":"2026-03-31T10:19:53","modified_gmt":"2026-03-31T09:19:53","slug":"pique-ss-lady","status":"publish","type":"product","link":"https:\/\/shop.kustom.ch\/it\/prodotto\/pique-ss-lady\/","title":{"rendered":"Piqu\u00e9 SS Lady"},"content":{"rendered":"<p>Polo a maniche corte per uomo e donna in piqu\u00e9 classico. Leggermente pi\u00f9 sottile e con un taglio pi\u00f9 moderno. Collo e polsini delle maniche a coste, 2 bottoni, abbottonatura rinforzata e spacchetti laterali.<\/p>\n<p>Materiale: 100% cotone equosolidale da agricoltura biologica<\/p>","protected":false},"excerpt":{"rendered":"<p>Kurzarm-Polo f\u00fcr Herren und Damen aus klassischem Pique. Etwas d\u00fcnner und mit modernerem Schnitt. Rippb\u00fcndchen an Hals und \u00c4rmeln, 2 Kn\u00f6pfe, verst\u00e4rkte Knopfleiste und Schlitze an den Seiten. Material: 100% \u00f6kologisch angebaute Baumwolle Fairtrade<\/p>","protected":false},"featured_media":496937,"template":"","meta":[],"product_brand":[],"product_cat":[4193],"product_tag":[],"class_list":{"0":"post-496887","1":"product","2":"type-product","3":"status-publish","4":"has-post-thumbnail","6":"product_cat-polos","7":"pa_brand-cottover","8":"pa_brand-type-sportswear","9":"pa_filter-color-blau","10":"pa_filter-color-gelb","11":"pa_filter-color-grau","12":"pa_filter-color-gruen","13":"pa_filter-color-orange","14":"pa_filter-color-pink","15":"pa_filter-color-rot","16":"pa_filter-color-schwarz","17":"pa_filter-color-violet","18":"pa_filter-color-weiss","20":"first","21":"instock","22":"sale","23":"taxable","24":"shipping-taxable","25":"purchasable","26":"product-type-variable","27":"add-to-wishlist-before_image"},"exclude_global_add_ons":[],"addons":[],"acf":[],"_links":{"self":[{"href":"https:\/\/shop.kustom.ch\/it\/wp-json\/wp\/v2\/product\/496887"}],"collection":[{"href":"https:\/\/shop.kustom.ch\/it\/wp-json\/wp\/v2\/product"}],"about":[{"href":"https:\/\/shop.kustom.ch\/it\/wp-json\/wp\/v2\/types\/product"}],"wp:featuredmedia":[{"embeddable":true,"href":"https:\/\/shop.kustom.ch\/it\/wp-json\/wp\/v2\/media\/496937"}],"wp:attachment":[{"href":"https:\/\/shop.kustom.ch\/it\/wp-json\/wp\/v2\/media?parent=496887"}],"wp:term":[{"taxonomy":"product_brand","embeddable":true,"href":"https:\/\/shop.kustom.ch\/it\/wp-json\/wp\/v2\/product_brand?post=496887"},{"taxonomy":"product_cat","embeddable":true,"href":"https:\/\/shop.kustom.ch\/it\/wp-json\/wp\/v2\/product_cat?post=496887"},{"taxonomy":"product_tag","embeddable":true,"href":"https:\/\/shop.kustom.ch\/it\/wp-json\/wp\/v2\/product_tag?post=496887"}],"curies":[{"name":"wp","href":"https:\/\/api.w.org\/{rel}","templated":true}]}}