{"id":496545,"date":"2025-01-24T22:15:22","date_gmt":"2025-01-24T21:15:22","guid":{"rendered":"https:\/\/shop.kustom.ch\/?post_type=product&#038;p=496545"},"modified":"2026-03-31T10:18:47","modified_gmt":"2026-03-31T09:18:47","slug":"key-fz-hood-lady","status":"publish","type":"product","link":"https:\/\/shop.kustom.ch\/it\/prodotto\/key-fz-hood-lady\/","title":{"rendered":"Chiave FZ Hood Lady"},"content":{"rendered":"<p>Felpa con cappuccio full zip di alta qualit\u00e0 realizzata in un materiale confortevole, morbido e leggermente pi\u00f9 pesante al tatto, spazzolato all'interno. Zip YKK Vislon\u00ae in grigio antracite. Coulisse nel cappuccio con dettagli in metallo color argento antico. Tasche a canguro. Cappuccio con doppia cucitura e fodera in jersey singolo. Polsini a coste 2\u00d72 sulle maniche e sul fondo.<\/p>\n<p>Materiale: 85% cotone equo e solidale da agricoltura biologica, 15% poliestere riciclato<\/p>","protected":false},"excerpt":{"rendered":"<p>Hochwertige Full Zip Hoodie aus einem bequemen Material, weich und mit einem etwas schwereren Gef\u00fchl, innen geb\u00fcrstet. YKK Vislon\u00ae-Reissverschluss in anthrazitgrau. Kordelzug in der Kapuze mit Details aus antiksilbernem Metall. K\u00e4ngurutaschen. Kapuze mit doppelten N\u00e4hten und Futter aus Single-Jersey. Rippenb\u00fcndchen 2&#215;2 an den \u00c4rmel und am unteren Rand. Material: 85% \u00f6kologisch angebaute Baumwolle Fairtrade, 15% [&hellip;]<\/p>\n","protected":false},"featured_media":496599,"template":"","meta":[],"product_brand":[],"product_cat":[4184],"product_tag":[],"class_list":{"0":"post-496545","1":"product","2":"type-product","3":"status-publish","4":"has-post-thumbnail","6":"product_cat-hoodies-pullover","7":"pa_brand-cottover","8":"pa_brand-type-sportswear","9":"pa_filter-color-blau","10":"pa_filter-color-gruen","11":"pa_filter-color-rot","12":"pa_filter-color-schwarz","14":"first","15":"instock","16":"sale","17":"taxable","18":"shipping-taxable","19":"purchasable","20":"product-type-variable","21":"add-to-wishlist-before_image"},"exclude_global_add_ons":[],"addons":[],"acf":[],"_links":{"self":[{"href":"https:\/\/shop.kustom.ch\/it\/wp-json\/wp\/v2\/product\/496545"}],"collection":[{"href":"https:\/\/shop.kustom.ch\/it\/wp-json\/wp\/v2\/product"}],"about":[{"href":"https:\/\/shop.kustom.ch\/it\/wp-json\/wp\/v2\/types\/product"}],"wp:featuredmedia":[{"embeddable":true,"href":"https:\/\/shop.kustom.ch\/it\/wp-json\/wp\/v2\/media\/496599"}],"wp:attachment":[{"href":"https:\/\/shop.kustom.ch\/it\/wp-json\/wp\/v2\/media?parent=496545"}],"wp:term":[{"taxonomy":"product_brand","embeddable":true,"href":"https:\/\/shop.kustom.ch\/it\/wp-json\/wp\/v2\/product_brand?post=496545"},{"taxonomy":"product_cat","embeddable":true,"href":"https:\/\/shop.kustom.ch\/it\/wp-json\/wp\/v2\/product_cat?post=496545"},{"taxonomy":"product_tag","embeddable":true,"href":"https:\/\/shop.kustom.ch\/it\/wp-json\/wp\/v2\/product_tag?post=496545"}],"curies":[{"name":"wp","href":"https:\/\/api.w.org\/{rel}","templated":true}]}}