{"id":496203,"date":"2025-01-24T22:13:59","date_gmt":"2025-01-24T21:13:59","guid":{"rendered":"https:\/\/shop.kustom.ch\/?post_type=product&#038;p=496203"},"modified":"2026-03-31T10:15:25","modified_gmt":"2026-03-31T09:15:25","slug":"headband","status":"publish","type":"product","link":"https:\/\/shop.kustom.ch\/it\/prodotto\/headband\/","title":{"rendered":"Fascia per capelli"},"content":{"rendered":"<p>Fascia per capelli in taglie unisex. Realizzata in cotone di alta qualit\u00e0 e<br \/>\nElementi in elastan per un utilizzo e una vestibilit\u00e0 ottimali. Cuciture decorative tono su tono.<\/p>\n<p>Materiale: 96% cotone equo e solidale da agricoltura biologica, 4% elastan<\/p>","protected":false},"excerpt":{"rendered":"<p>Stirnband in Unisex Gr\u00f6ssen. Hergestellt aus hochwertiger Baumwolle und Elasthan Elementen f\u00fcr beste Verwendung und Passform. Ziern\u00e4hte Ton in Ton. Material: 96% \u00f6kologisch angebaute Baumwolle Fairtrade, 4% Elasthan<\/p>","protected":false},"featured_media":496265,"template":"","meta":[],"product_brand":[],"product_cat":[4177,4209],"product_tag":[],"class_list":{"0":"post-496203","1":"product","2":"type-product","3":"status-publish","4":"has-post-thumbnail","6":"product_cat-caps-muetzen","7":"product_cat-zubehoer","8":"pa_brand-cottover","9":"pa_brand-type-sportswear","10":"pa_filter-color-blau","11":"pa_filter-color-gelb","12":"pa_filter-color-grau","13":"pa_filter-color-gruen","14":"pa_filter-color-orange","15":"pa_filter-color-pink","16":"pa_filter-color-rot","17":"pa_filter-color-schwarz","18":"pa_filter-color-violet","19":"pa_filter-color-weiss","21":"first","22":"instock","23":"sale","24":"taxable","25":"shipping-taxable","26":"purchasable","27":"product-type-variable","28":"add-to-wishlist-before_image"},"exclude_global_add_ons":[],"addons":[],"acf":[],"_links":{"self":[{"href":"https:\/\/shop.kustom.ch\/it\/wp-json\/wp\/v2\/product\/496203"}],"collection":[{"href":"https:\/\/shop.kustom.ch\/it\/wp-json\/wp\/v2\/product"}],"about":[{"href":"https:\/\/shop.kustom.ch\/it\/wp-json\/wp\/v2\/types\/product"}],"wp:featuredmedia":[{"embeddable":true,"href":"https:\/\/shop.kustom.ch\/it\/wp-json\/wp\/v2\/media\/496265"}],"wp:attachment":[{"href":"https:\/\/shop.kustom.ch\/it\/wp-json\/wp\/v2\/media?parent=496203"}],"wp:term":[{"taxonomy":"product_brand","embeddable":true,"href":"https:\/\/shop.kustom.ch\/it\/wp-json\/wp\/v2\/product_brand?post=496203"},{"taxonomy":"product_cat","embeddable":true,"href":"https:\/\/shop.kustom.ch\/it\/wp-json\/wp\/v2\/product_cat?post=496203"},{"taxonomy":"product_tag","embeddable":true,"href":"https:\/\/shop.kustom.ch\/it\/wp-json\/wp\/v2\/product_tag?post=496203"}],"curies":[{"name":"wp","href":"https:\/\/api.w.org\/{rel}","templated":true}]}}