{"id":495787,"date":"2025-01-24T22:12:17","date_gmt":"2025-01-24T21:12:17","guid":{"rendered":"https:\/\/shop.kustom.ch\/?post_type=product&#038;p=495787"},"modified":"2026-03-31T10:19:35","modified_gmt":"2026-03-31T09:19:35","slug":"f-terry-fz-collar-lady","status":"publish","type":"product","link":"https:\/\/shop.kustom.ch\/it\/prodotto\/f-terry-fz-collar-lady\/","title":{"rendered":"F. Terry FZ Collare Signora"},"content":{"rendered":"<p>Cardigan in French Terry di alta qualit\u00e0. Zip YKK in look argento. Doppio colletto con costine 2\u00d72 all'interno e costine 2\u00d72 sulle maniche. Orlo liscio.<\/p>\n<p>Materiale: 80% cotone equo e solidale da agricoltura biologica<br \/>\n20% poliestere riciclato<br \/>\nColore 955:<br \/>\n80% cotone biologico Fairtrade<br \/>\n14% poliestere riciclato, 6% viscosa<\/p>","protected":false},"excerpt":{"rendered":"<p>Cardigan in schwerer Qualit\u00e4t und French Terry. YKK Reissverschluss in silber Optik. Doppelkragen mit 2&#215;2-Ripp auf der Innenseite und 2&#215;2 Rip an den \u00c4rmeln. Glatter Saumabschluss. Material: 80% \u00f6kologische angebaute Baumwolle Fairtrade 20% recyceltes Polyester Farbe 955: 80% \u00f6kologische angebaute Baumwolle Fairtrade 14% recyceltes Polyester, 6% Viskose<\/p>","protected":false},"featured_media":495795,"template":"","meta":[],"product_brand":[],"product_cat":[4191],"product_tag":[],"class_list":{"0":"post-495787","1":"product","2":"type-product","3":"status-publish","4":"has-post-thumbnail","6":"product_cat-longsleeves-sweatshirts","7":"pa_brand-cottover","8":"pa_brand-type-sportswear","9":"pa_filter-color-blau","10":"pa_filter-color-grau","11":"pa_filter-color-schwarz","13":"first","14":"instock","15":"sale","16":"taxable","17":"shipping-taxable","18":"purchasable","19":"product-type-variable","20":"add-to-wishlist-before_image"},"exclude_global_add_ons":[],"addons":[],"acf":[],"_links":{"self":[{"href":"https:\/\/shop.kustom.ch\/it\/wp-json\/wp\/v2\/product\/495787"}],"collection":[{"href":"https:\/\/shop.kustom.ch\/it\/wp-json\/wp\/v2\/product"}],"about":[{"href":"https:\/\/shop.kustom.ch\/it\/wp-json\/wp\/v2\/types\/product"}],"wp:featuredmedia":[{"embeddable":true,"href":"https:\/\/shop.kustom.ch\/it\/wp-json\/wp\/v2\/media\/495795"}],"wp:attachment":[{"href":"https:\/\/shop.kustom.ch\/it\/wp-json\/wp\/v2\/media?parent=495787"}],"wp:term":[{"taxonomy":"product_brand","embeddable":true,"href":"https:\/\/shop.kustom.ch\/it\/wp-json\/wp\/v2\/product_brand?post=495787"},{"taxonomy":"product_cat","embeddable":true,"href":"https:\/\/shop.kustom.ch\/it\/wp-json\/wp\/v2\/product_cat?post=495787"},{"taxonomy":"product_tag","embeddable":true,"href":"https:\/\/shop.kustom.ch\/it\/wp-json\/wp\/v2\/product_tag?post=495787"}],"curies":[{"name":"wp","href":"https:\/\/api.w.org\/{rel}","templated":true}]}}