{"id":495719,"date":"2025-01-24T22:11:52","date_gmt":"2025-01-24T21:11:52","guid":{"rendered":"https:\/\/shop.kustom.ch\/?post_type=product&#038;p=495719"},"modified":"2026-03-31T10:23:31","modified_gmt":"2026-03-31T09:23:31","slug":"denim-lady","status":"publish","type":"product","link":"https:\/\/shop.kustom.ch\/it\/prodotto\/denim-lady\/","title":{"rendered":"La signora del denim"},"content":{"rendered":"<p>Moderna camicia in denim realizzata in tessuto di cotone trattato con enzimi per una sensazione di morbidezza. Con colletto Kent per le donne e colletto aperto per gli uomini. Due vestibilit\u00e0 per gli uomini e una versione sartoriale per le donne.<\/p>\n<p>Materiale: 100% cotone equosolidale da agricoltura biologica<\/p>","protected":false},"excerpt":{"rendered":"<p>Modernes Denimhemd aus Enzym behandeltem Baumwollstoff f\u00fcr einen weichen Griff. Bei den Damen mit einem Kent Kragen und bei den Herren ein offener Cut Away Kragen. Zwei Passformen f\u00fcr die Herren und die taillierte Version f\u00fcr die Damen. Material: 100% \u00f6kologisch angebaute Baumwolle Fairtrade<\/p>","protected":false},"featured_media":495731,"template":"","meta":[],"product_brand":[],"product_cat":[9874],"product_tag":[],"class_list":{"0":"post-495719","1":"product","2":"type-product","3":"status-publish","4":"has-post-thumbnail","6":"product_cat-hemden","7":"pa_brand-cottover","8":"pa_brand-type-sportswear","9":"pa_filter-color-blau","11":"first","12":"instock","13":"sale","14":"taxable","15":"shipping-taxable","16":"purchasable","17":"product-type-variable","18":"add-to-wishlist-before_image"},"exclude_global_add_ons":[],"addons":[],"acf":[],"_links":{"self":[{"href":"https:\/\/shop.kustom.ch\/it\/wp-json\/wp\/v2\/product\/495719"}],"collection":[{"href":"https:\/\/shop.kustom.ch\/it\/wp-json\/wp\/v2\/product"}],"about":[{"href":"https:\/\/shop.kustom.ch\/it\/wp-json\/wp\/v2\/types\/product"}],"wp:featuredmedia":[{"embeddable":true,"href":"https:\/\/shop.kustom.ch\/it\/wp-json\/wp\/v2\/media\/495731"}],"wp:attachment":[{"href":"https:\/\/shop.kustom.ch\/it\/wp-json\/wp\/v2\/media?parent=495719"}],"wp:term":[{"taxonomy":"product_brand","embeddable":true,"href":"https:\/\/shop.kustom.ch\/it\/wp-json\/wp\/v2\/product_brand?post=495719"},{"taxonomy":"product_cat","embeddable":true,"href":"https:\/\/shop.kustom.ch\/it\/wp-json\/wp\/v2\/product_cat?post=495719"},{"taxonomy":"product_tag","embeddable":true,"href":"https:\/\/shop.kustom.ch\/it\/wp-json\/wp\/v2\/product_tag?post=495719"}],"curies":[{"name":"wp","href":"https:\/\/api.w.org\/{rel}","templated":true}]}}