{"id":495143,"date":"2025-01-24T01:06:11","date_gmt":"2025-01-24T00:06:11","guid":{"rendered":"https:\/\/shop.kustom.ch\/?post_type=product&#038;p=495143"},"modified":"2026-03-31T13:14:39","modified_gmt":"2026-03-31T12:14:39","slug":"utah-vest-women","status":"publish","type":"product","link":"https:\/\/shop.kustom.ch\/it\/prodotto\/utah-vest-women\/","title":{"rendered":"Gilet Utah Donna"},"content":{"rendered":"<p>Gilet dal taglio moderno, leggermente imbottito e con ampie aree riflettenti. Zip principale impermeabile e due tasche laterali con zip. Tasca nascosta sul petto e due tasche interne. Guida per le cuffie, etichetta facilmente rimovibile per il rebranding.<\/p>\n<p>Materiale: poliestere 100% tinto in massa; poliestere 100% con rivestimento riflettente.<\/p>","protected":false},"excerpt":{"rendered":"<p>Eine modern geschnittene, leicht wattierte Weste mit grossen, reflektierenden Bereichen. Wasserdichter Hauptreissverschluss und zwei Seitentaschen mit Reissverschluss. Versteckte Brusttasche und zwei Innentaschen. Kopfh\u00f6rer\u00fchrung, ein leicht abnehmbares Etikett f\u00fcr Rebranding. Material: 100% Spun Dyed Polyester ; 100% Polyester, mit reflektierender Beschichtung.<\/p>","protected":false},"featured_media":495182,"template":"","meta":[],"product_brand":[],"product_cat":[4186],"product_tag":[],"class_list":{"0":"post-495143","1":"product","2":"type-product","3":"status-publish","4":"has-post-thumbnail","6":"product_cat-jacken","7":"pa_brand-clique","8":"pa_brand-type-sportswear","9":"pa_filter-color-weiss","11":"first","12":"instock","13":"sale","14":"taxable","15":"shipping-taxable","16":"purchasable","17":"product-type-variable","18":"add-to-wishlist-before_image"},"exclude_global_add_ons":[],"addons":[],"acf":[],"_links":{"self":[{"href":"https:\/\/shop.kustom.ch\/it\/wp-json\/wp\/v2\/product\/495143"}],"collection":[{"href":"https:\/\/shop.kustom.ch\/it\/wp-json\/wp\/v2\/product"}],"about":[{"href":"https:\/\/shop.kustom.ch\/it\/wp-json\/wp\/v2\/types\/product"}],"wp:featuredmedia":[{"embeddable":true,"href":"https:\/\/shop.kustom.ch\/it\/wp-json\/wp\/v2\/media\/495182"}],"wp:attachment":[{"href":"https:\/\/shop.kustom.ch\/it\/wp-json\/wp\/v2\/media?parent=495143"}],"wp:term":[{"taxonomy":"product_brand","embeddable":true,"href":"https:\/\/shop.kustom.ch\/it\/wp-json\/wp\/v2\/product_brand?post=495143"},{"taxonomy":"product_cat","embeddable":true,"href":"https:\/\/shop.kustom.ch\/it\/wp-json\/wp\/v2\/product_cat?post=495143"},{"taxonomy":"product_tag","embeddable":true,"href":"https:\/\/shop.kustom.ch\/it\/wp-json\/wp\/v2\/product_tag?post=495143"}],"curies":[{"name":"wp","href":"https:\/\/api.w.org\/{rel}","templated":true}]}}