{"id":495141,"date":"2025-01-24T01:06:11","date_gmt":"2025-01-24T00:06:11","guid":{"rendered":"https:\/\/shop.kustom.ch\/?post_type=product&#038;p=495141"},"modified":"2026-03-31T13:20:41","modified_gmt":"2026-03-31T12:20:41","slug":"utah-jacket-women","status":"publish","type":"product","link":"https:\/\/shop.kustom.ch\/it\/prodotto\/utah-jacket-women\/","title":{"rendered":"Giacca Utah Donna"},"content":{"rendered":"<p>Una giacca dal taglio moderno e leggermente imbottita. Il colore 949 presenta ampie aree riflettenti. La cerniera principale e le due tasche laterali sono dotate di cerniere impermeabili. Guida per le cuffie, etichetta facilmente rimovibile per il rebranding. Una cerniera nella fodera facilita la stampa o il ricamo.<\/p>\n<p>Materiale: poliestere 100% tinto in massa; poliestere 100% con rivestimento riflettente.<\/p>","protected":false},"excerpt":{"rendered":"<p>Eine modern geschnittene, leicht wattierte Jacke. Die Farbe 949 hat grosse, reflektierende Bereiche. Der Hauptreissverschluss und zwei Seitentaschen sind mit wasserdichten Reissverschl\u00fcssen. Kopfh\u00f6rerf\u00fchrung, ein leicht abnehmbares Etikett f\u00fcr Rebranding. Ein Reissverschluss im Futter erleichtert das Bedrucken oder Besticken. Material: 100% Spun Dyed Polyester ; 100% Polyester, mit reflektierender Beschichtung.<\/p>","protected":false},"featured_media":495160,"template":"","meta":[],"product_brand":[],"product_cat":[4186],"product_tag":[],"class_list":{"0":"post-495141","1":"product","2":"type-product","3":"status-publish","4":"has-post-thumbnail","6":"product_cat-jacken","7":"pa_brand-clique","8":"pa_brand-type-sportswear","9":"pa_filter-color-schwarz","10":"pa_filter-color-weiss","12":"first","13":"instock","14":"sale","15":"taxable","16":"shipping-taxable","17":"purchasable","18":"product-type-variable","19":"add-to-wishlist-before_image"},"exclude_global_add_ons":[],"addons":[],"acf":[],"_links":{"self":[{"href":"https:\/\/shop.kustom.ch\/it\/wp-json\/wp\/v2\/product\/495141"}],"collection":[{"href":"https:\/\/shop.kustom.ch\/it\/wp-json\/wp\/v2\/product"}],"about":[{"href":"https:\/\/shop.kustom.ch\/it\/wp-json\/wp\/v2\/types\/product"}],"wp:featuredmedia":[{"embeddable":true,"href":"https:\/\/shop.kustom.ch\/it\/wp-json\/wp\/v2\/media\/495160"}],"wp:attachment":[{"href":"https:\/\/shop.kustom.ch\/it\/wp-json\/wp\/v2\/media?parent=495141"}],"wp:term":[{"taxonomy":"product_brand","embeddable":true,"href":"https:\/\/shop.kustom.ch\/it\/wp-json\/wp\/v2\/product_brand?post=495141"},{"taxonomy":"product_cat","embeddable":true,"href":"https:\/\/shop.kustom.ch\/it\/wp-json\/wp\/v2\/product_cat?post=495141"},{"taxonomy":"product_tag","embeddable":true,"href":"https:\/\/shop.kustom.ch\/it\/wp-json\/wp\/v2\/product_tag?post=495141"}],"curies":[{"name":"wp","href":"https:\/\/api.w.org\/{rel}","templated":true}]}}