{"id":495000,"date":"2025-01-24T01:05:28","date_gmt":"2025-01-24T00:05:28","guid":{"rendered":"https:\/\/shop.kustom.ch\/?post_type=product&#038;p=495000"},"modified":"2026-03-31T13:18:17","modified_gmt":"2026-03-31T12:18:17","slug":"stretch-shirt-l-s-women","status":"publish","type":"product","link":"https:\/\/shop.kustom.ch\/it\/prodotto\/stretch-shirt-l-s-women\/","title":{"rendered":"Camicia stretch L\/S Donna"},"content":{"rendered":"<p>Camicia elasticizzata a maniche lunghe con abbottonatura e vestibilit\u00e0 regolare. Chiusura con bottoni sulla manica, un taschino sul petto nel modello da uomo. Carr\u00e9 sulla schiena.<\/p>\n<p>Materiale: 97% cotone, 3% elastan<\/p>","protected":false},"excerpt":{"rendered":"<p>Lang\u00e4rmeliges Stretchhemd mit Knopfleiste und normaler Passform. Knopfverschluss am \u00c4rmel, eine Brusttasche beim M\u00e4nnermodell. Passe auf dem R\u00fccken. Material: 97% Baumwolle, 3% Elasthan<\/p>","protected":false},"featured_media":495065,"template":"","meta":[],"product_brand":[],"product_cat":[9874],"product_tag":[],"class_list":{"0":"post-495000","1":"product","2":"type-product","3":"status-publish","4":"has-post-thumbnail","6":"product_cat-hemden","7":"pa_brand-clique","8":"pa_brand-type-sportswear","9":"pa_filter-color-blau","10":"pa_filter-color-schwarz","11":"pa_filter-color-weiss","13":"first","14":"instock","15":"sale","16":"taxable","17":"shipping-taxable","18":"purchasable","19":"product-type-variable","20":"add-to-wishlist-before_image"},"exclude_global_add_ons":[],"addons":[],"acf":[],"_links":{"self":[{"href":"https:\/\/shop.kustom.ch\/it\/wp-json\/wp\/v2\/product\/495000"}],"collection":[{"href":"https:\/\/shop.kustom.ch\/it\/wp-json\/wp\/v2\/product"}],"about":[{"href":"https:\/\/shop.kustom.ch\/it\/wp-json\/wp\/v2\/types\/product"}],"wp:featuredmedia":[{"embeddable":true,"href":"https:\/\/shop.kustom.ch\/it\/wp-json\/wp\/v2\/media\/495065"}],"wp:attachment":[{"href":"https:\/\/shop.kustom.ch\/it\/wp-json\/wp\/v2\/media?parent=495000"}],"wp:term":[{"taxonomy":"product_brand","embeddable":true,"href":"https:\/\/shop.kustom.ch\/it\/wp-json\/wp\/v2\/product_brand?post=495000"},{"taxonomy":"product_cat","embeddable":true,"href":"https:\/\/shop.kustom.ch\/it\/wp-json\/wp\/v2\/product_cat?post=495000"},{"taxonomy":"product_tag","embeddable":true,"href":"https:\/\/shop.kustom.ch\/it\/wp-json\/wp\/v2\/product_tag?post=495000"}],"curies":[{"name":"wp","href":"https:\/\/api.w.org\/{rel}","templated":true}]}}