{"id":494727,"date":"2025-01-24T01:04:14","date_gmt":"2025-01-24T00:04:14","guid":{"rendered":"https:\/\/shop.kustom.ch\/?post_type=product&#038;p=494727"},"modified":"2026-03-31T13:13:41","modified_gmt":"2026-03-31T12:13:41","slug":"street-backpack","status":"publish","type":"product","link":"https:\/\/shop.kustom.ch\/it\/prodotto\/street-backpack\/","title":{"rendered":"Zaino da strada"},"content":{"rendered":"<p>Con questo leggero zaino da strada, avrete sempre tutto al sicuro con voi. Uno scomparto principale con alloggiamento per laptop e clip per chiavi. Uno scomparto esterno con cerniera e due scomparti laterali in rete. Sul retro \u00e8 presente uno scomparto di sicurezza con cerniera. Gli spallacci sono regolabili e imbottiti. Dimensioni e volume: 29,5\u00d745,5x12 cm \u2248 16L<\/p>\n<p>Materiale: Materiale: Poliestere 300D; Fodera: Poliestere 210D PU; Fondo: Poliestere 1680D.<\/p>","protected":false},"excerpt":{"rendered":"<p>Mit diesem leichten Street Rucksack hast du immer alles sicher dabei. Ein Hauptfach mit Laptop Einschub und Schl\u00fcsselclip. Ein Aussenfach mit Reissverschluss und zwei seitliche Netzf\u00e4cher. Am R\u00fccken befindet sich ein Sicherheitsfach mit Reissverschluss. Die Schultergurte sind verstellbar und gepolstert. Abmessungen und Volumen: 29,5&#215;45,5x12cm \u2248 16L Material: Material: 300D Polyester ; Futter: 210D Polyester PU [&hellip;]<\/p>\n","protected":false},"featured_media":494786,"template":"","meta":[],"product_brand":[],"product_cat":[4195,4209],"product_tag":[],"class_list":{"0":"post-494727","1":"product","2":"type-product","3":"status-publish","4":"has-post-thumbnail","6":"product_cat-rucksaecke-taschen","7":"product_cat-zubehoer","8":"pa_brand-clique","9":"pa_brand-type-sportswear","10":"pa_filter-color-grau","12":"first","13":"instock","14":"sale","15":"taxable","16":"shipping-taxable","17":"purchasable","18":"product-type-variable","19":"add-to-wishlist-before_image"},"exclude_global_add_ons":[],"addons":[],"acf":[],"_links":{"self":[{"href":"https:\/\/shop.kustom.ch\/it\/wp-json\/wp\/v2\/product\/494727"}],"collection":[{"href":"https:\/\/shop.kustom.ch\/it\/wp-json\/wp\/v2\/product"}],"about":[{"href":"https:\/\/shop.kustom.ch\/it\/wp-json\/wp\/v2\/types\/product"}],"wp:featuredmedia":[{"embeddable":true,"href":"https:\/\/shop.kustom.ch\/it\/wp-json\/wp\/v2\/media\/494786"}],"wp:attachment":[{"href":"https:\/\/shop.kustom.ch\/it\/wp-json\/wp\/v2\/media?parent=494727"}],"wp:term":[{"taxonomy":"product_brand","embeddable":true,"href":"https:\/\/shop.kustom.ch\/it\/wp-json\/wp\/v2\/product_brand?post=494727"},{"taxonomy":"product_cat","embeddable":true,"href":"https:\/\/shop.kustom.ch\/it\/wp-json\/wp\/v2\/product_cat?post=494727"},{"taxonomy":"product_tag","embeddable":true,"href":"https:\/\/shop.kustom.ch\/it\/wp-json\/wp\/v2\/product_tag?post=494727"}],"curies":[{"name":"wp","href":"https:\/\/api.w.org\/{rel}","templated":true}]}}