{"id":494726,"date":"2025-01-24T01:04:14","date_gmt":"2025-01-24T00:04:14","guid":{"rendered":"https:\/\/shop.kustom.ch\/?post_type=product&#038;p=494726"},"modified":"2026-03-31T13:21:36","modified_gmt":"2026-03-31T12:21:36","slug":"stafford","status":"publish","type":"product","link":"https:\/\/shop.kustom.ch\/it\/prodotto\/stafford\/","title":{"rendered":"Stafford"},"content":{"rendered":"<p>Giacca da trekking funzionale con molti dettagli. Zip impermeabile sul petto e sulle tasche laterali, tasca interna con zip. Cuciture nastrate, fodera in rete leggera, ventilazione e cappuccio regolabile. Colonna d'acqua WP 5000 \/ Traspirabilit\u00e0 MVP 3000.<\/p>\n<p>Materiale: 92% Poliestere 8% Spandex TPU (WP\/MVP:5000\/3000mm)<\/p>","protected":false},"excerpt":{"rendered":"<p>Funktionelle Trekking Jacke mit vielen Details. Wasserdichter Reissverschluss an Brust- und Seitentaschen, Innentasche mit Reissverschluss. Verklebte N\u00e4hte, ein leichtes Mesh Innenfutter, Bel\u00fcftungen und eine einstellbare Kapuze. Wassers\u00e4ule WP 5000 \/ Atmungaktivit\u00e4t MVP 3000. Material: 92% Polyester 8% Spandex TPU (WP\/MVP:5000\/3000mm)<\/p>","protected":false},"featured_media":494746,"template":"","meta":[],"product_brand":[],"product_cat":[4186],"product_tag":[],"class_list":{"0":"post-494726","1":"product","2":"type-product","3":"status-publish","4":"has-post-thumbnail","6":"product_cat-jacken","7":"pa_brand-clique","8":"pa_brand-type-sportswear","9":"pa_filter-color-blau","10":"pa_filter-color-gruen","11":"pa_filter-color-rot","12":"pa_filter-color-schwarz","14":"first","15":"instock","16":"sale","17":"taxable","18":"shipping-taxable","19":"purchasable","20":"product-type-variable","21":"add-to-wishlist-before_image"},"exclude_global_add_ons":[],"addons":[],"acf":[],"_links":{"self":[{"href":"https:\/\/shop.kustom.ch\/it\/wp-json\/wp\/v2\/product\/494726"}],"collection":[{"href":"https:\/\/shop.kustom.ch\/it\/wp-json\/wp\/v2\/product"}],"about":[{"href":"https:\/\/shop.kustom.ch\/it\/wp-json\/wp\/v2\/types\/product"}],"wp:featuredmedia":[{"embeddable":true,"href":"https:\/\/shop.kustom.ch\/it\/wp-json\/wp\/v2\/media\/494746"}],"wp:attachment":[{"href":"https:\/\/shop.kustom.ch\/it\/wp-json\/wp\/v2\/media?parent=494726"}],"wp:term":[{"taxonomy":"product_brand","embeddable":true,"href":"https:\/\/shop.kustom.ch\/it\/wp-json\/wp\/v2\/product_brand?post=494726"},{"taxonomy":"product_cat","embeddable":true,"href":"https:\/\/shop.kustom.ch\/it\/wp-json\/wp\/v2\/product_cat?post=494726"},{"taxonomy":"product_tag","embeddable":true,"href":"https:\/\/shop.kustom.ch\/it\/wp-json\/wp\/v2\/product_tag?post=494726"}],"curies":[{"name":"wp","href":"https:\/\/api.w.org\/{rel}","templated":true}]}}