{"id":494663,"date":"2025-01-24T01:03:49","date_gmt":"2025-01-24T00:03:49","guid":{"rendered":"https:\/\/shop.kustom.ch\/?post_type=product&#038;p=494663"},"modified":"2026-03-31T13:11:57","modified_gmt":"2026-03-31T12:11:57","slug":"smart-backpack-reflective","status":"publish","type":"product","link":"https:\/\/shop.kustom.ch\/it\/prodotto\/smart-backpack-reflective\/","title":{"rendered":"Zaino intelligente riflettente"},"content":{"rendered":"<p>Zaino in materiale completamente riflettente. Regolazione con coulisse, tasca frontale con zip e apertura per le cuffie. Indice: 250 lumen. Dimensioni e volume: 48\u00d735,5 cm \u2248 10L<\/p>\n<p>Materiale: poliestere 100% con rivestimento in PU riflettente<\/p>","protected":false},"excerpt":{"rendered":"<p>Rucksacktasche aus vollfl\u00e4chig reflektierendem Material. Kordelzugverstellung, Fronttasche mit Reissverschluss und Kopfh\u00f6rer\u00f6ffnung. Index : 250 Lumen. Abmessungen und Volumen: 48&#215;35,5cm \u2248 10L Material: 100% Polyester mit reflektierender PU-Beschichtung<\/p>","protected":false},"featured_media":494720,"template":"","meta":[],"product_brand":[],"product_cat":[4195,4209],"product_tag":[],"class_list":{"0":"post-494663","1":"product","2":"type-product","3":"status-publish","4":"has-post-thumbnail","6":"product_cat-rucksaecke-taschen","7":"product_cat-zubehoer","8":"pa_brand-clique","9":"pa_brand-type-sportswear","10":"pa_filter-color-weiss","12":"first","13":"instock","14":"sale","15":"taxable","16":"shipping-taxable","17":"purchasable","18":"product-type-variable","19":"add-to-wishlist-before_image"},"exclude_global_add_ons":[],"addons":[],"acf":[],"_links":{"self":[{"href":"https:\/\/shop.kustom.ch\/it\/wp-json\/wp\/v2\/product\/494663"}],"collection":[{"href":"https:\/\/shop.kustom.ch\/it\/wp-json\/wp\/v2\/product"}],"about":[{"href":"https:\/\/shop.kustom.ch\/it\/wp-json\/wp\/v2\/types\/product"}],"wp:featuredmedia":[{"embeddable":true,"href":"https:\/\/shop.kustom.ch\/it\/wp-json\/wp\/v2\/media\/494720"}],"wp:attachment":[{"href":"https:\/\/shop.kustom.ch\/it\/wp-json\/wp\/v2\/media?parent=494663"}],"wp:term":[{"taxonomy":"product_brand","embeddable":true,"href":"https:\/\/shop.kustom.ch\/it\/wp-json\/wp\/v2\/product_brand?post=494663"},{"taxonomy":"product_cat","embeddable":true,"href":"https:\/\/shop.kustom.ch\/it\/wp-json\/wp\/v2\/product_cat?post=494663"},{"taxonomy":"product_tag","embeddable":true,"href":"https:\/\/shop.kustom.ch\/it\/wp-json\/wp\/v2\/product_tag?post=494663"}],"curies":[{"name":"wp","href":"https:\/\/api.w.org\/{rel}","templated":true}]}}