{"id":494524,"date":"2025-01-24T01:03:06","date_gmt":"2025-01-24T00:03:06","guid":{"rendered":"https:\/\/shop.kustom.ch\/?post_type=product&#038;p=494524"},"modified":"2026-03-31T13:13:14","modified_gmt":"2026-03-31T12:13:14","slug":"single-jersey-polo","status":"publish","type":"product","link":"https:\/\/shop.kustom.ch\/it\/prodotto\/single-jersey-polo\/","title":{"rendered":"Polo in jersey singolo"},"content":{"rendered":"<p>Unisex-Poloshirt aus Jersey. Gerippter Kragen, Seitenschlitze und drei Ton-in-Ton-Kn\u00f6pfe. Verst\u00e4rktes Nackenband und ein leicht abnehmbare Etikette f\u00fcr Rebranding. Das Poloshirt wurde vorgeschrumpft und enzym behandelt.<\/p>\n<p>Material: 100% Baumwolle (Graumelange [95] 85% Baumwolle 15% Viskose)<\/p>\n","protected":false},"excerpt":{"rendered":"<p>Unisex-Poloshirt aus Jersey. Gerippter Kragen, Seitenschlitze und drei Ton-in-Ton-Kn\u00f6pfe. Verst\u00e4rktes Nackenband und ein leicht abnehmbare Etikette f\u00fcr Rebranding. Das Poloshirt wurde vorgeschrumpft und enzym behandelt. Material: 100% Baumwolle (Graumelange [95] 85% Baumwolle 15% Viskose)<\/p>\n","protected":false},"featured_media":494579,"template":"","meta":[],"product_brand":[],"product_cat":[4193],"product_tag":[],"class_list":{"0":"post-494524","1":"product","2":"type-product","3":"status-publish","4":"has-post-thumbnail","6":"product_cat-polos","7":"pa_brand-clique","8":"pa_brand-type-sportswear","9":"pa_filter-color-blau","10":"pa_filter-color-grau","11":"pa_filter-color-rot","12":"pa_filter-color-schwarz","13":"pa_filter-color-weiss","15":"first","16":"instock","17":"sale","18":"taxable","19":"shipping-taxable","20":"purchasable","21":"product-type-variable","22":"add-to-wishlist-before_image"},"exclude_global_add_ons":[],"addons":[],"acf":[],"_links":{"self":[{"href":"https:\/\/shop.kustom.ch\/it\/wp-json\/wp\/v2\/product\/494524"}],"collection":[{"href":"https:\/\/shop.kustom.ch\/it\/wp-json\/wp\/v2\/product"}],"about":[{"href":"https:\/\/shop.kustom.ch\/it\/wp-json\/wp\/v2\/types\/product"}],"wp:featuredmedia":[{"embeddable":true,"href":"https:\/\/shop.kustom.ch\/it\/wp-json\/wp\/v2\/media\/494579"}],"wp:attachment":[{"href":"https:\/\/shop.kustom.ch\/it\/wp-json\/wp\/v2\/media?parent=494524"}],"wp:term":[{"taxonomy":"product_brand","embeddable":true,"href":"https:\/\/shop.kustom.ch\/it\/wp-json\/wp\/v2\/product_brand?post=494524"},{"taxonomy":"product_cat","embeddable":true,"href":"https:\/\/shop.kustom.ch\/it\/wp-json\/wp\/v2\/product_cat?post=494524"},{"taxonomy":"product_tag","embeddable":true,"href":"https:\/\/shop.kustom.ch\/it\/wp-json\/wp\/v2\/product_tag?post=494524"}],"curies":[{"name":"wp","href":"https:\/\/api.w.org\/{rel}","templated":true}]}}