{"id":494523,"date":"2025-01-24T01:03:06","date_gmt":"2025-01-24T00:03:06","guid":{"rendered":"https:\/\/shop.kustom.ch\/?post_type=product&#038;p=494523"},"modified":"2026-03-31T13:17:48","modified_gmt":"2026-03-31T12:17:48","slug":"sebring","status":"publish","type":"product","link":"https:\/\/shop.kustom.ch\/it\/prodotto\/sebring\/","title":{"rendered":"Sebring"},"content":{"rendered":"<p>Pantaloni da trekking funzionali da abbinare alla giacca Stafford. Zip impermeabili, cuciture nastrate, fodera in rete e ventilazione, oltre a regolazioni della taglia su fianchi e gambe.<\/p>\n<p>Materiale: 92% poliestere, 8% spandex TPU (MVP\/WR: 3000\/5000mm)<\/p>","protected":false},"excerpt":{"rendered":"<p>Funktionelle Trekking Hose, passend zur Stafford Jacke. Wasserdichte Reissverschl\u00fcsse, verklebte N\u00e4hte, Mesh Innenfutter und Bel\u00fcftungen sowie Gr\u00f6ssenanpassungen an H\u00fcfte und Beinen. Material: 92% Polyester, 8% Spandex TPU (MVP\/WR: 3000\/5000mm)<\/p>","protected":false},"featured_media":494571,"template":"","meta":[],"product_brand":[],"product_cat":[4185],"product_tag":[],"class_list":{"0":"post-494523","1":"product","2":"type-product","3":"status-publish","4":"has-post-thumbnail","6":"product_cat-hosen","7":"pa_brand-clique","8":"pa_brand-type-sportswear","9":"pa_filter-color-schwarz","11":"first","12":"instock","13":"sale","14":"taxable","15":"shipping-taxable","16":"purchasable","17":"product-type-variable","18":"add-to-wishlist-before_image"},"exclude_global_add_ons":[],"addons":[],"acf":[],"_links":{"self":[{"href":"https:\/\/shop.kustom.ch\/it\/wp-json\/wp\/v2\/product\/494523"}],"collection":[{"href":"https:\/\/shop.kustom.ch\/it\/wp-json\/wp\/v2\/product"}],"about":[{"href":"https:\/\/shop.kustom.ch\/it\/wp-json\/wp\/v2\/types\/product"}],"wp:featuredmedia":[{"embeddable":true,"href":"https:\/\/shop.kustom.ch\/it\/wp-json\/wp\/v2\/media\/494571"}],"wp:attachment":[{"href":"https:\/\/shop.kustom.ch\/it\/wp-json\/wp\/v2\/media?parent=494523"}],"wp:term":[{"taxonomy":"product_brand","embeddable":true,"href":"https:\/\/shop.kustom.ch\/it\/wp-json\/wp\/v2\/product_brand?post=494523"},{"taxonomy":"product_cat","embeddable":true,"href":"https:\/\/shop.kustom.ch\/it\/wp-json\/wp\/v2\/product_cat?post=494523"},{"taxonomy":"product_tag","embeddable":true,"href":"https:\/\/shop.kustom.ch\/it\/wp-json\/wp\/v2\/product_tag?post=494523"}],"curies":[{"name":"wp","href":"https:\/\/api.w.org\/{rel}","templated":true}]}}