{"id":494354,"date":"2025-01-24T01:01:49","date_gmt":"2025-01-24T00:01:49","guid":{"rendered":"https:\/\/shop.kustom.ch\/?post_type=product&#038;p=494354"},"modified":"2026-03-31T13:09:37","modified_gmt":"2026-03-31T12:09:37","slug":"prestige-trolley","status":"publish","type":"product","link":"https:\/\/shop.kustom.ch\/it\/prodotto\/prestige-trolley\/","title":{"rendered":"Carrello Prestige"},"content":{"rendered":"<p>Adatto come bagaglio a mano secondo la IATA, \u00e8 il trolley perfetto per i vostri viaggi.<br \/>\nQuesto trolley dal design elegante \u00e8 dotato di un ampio scomparto SBS con cerniera, foderato e con cinghie per tenere gli effetti personali in un unico posto quando si viaggia. Ampio scomparto con zip all'interno. Una generosa tasca frontale SBS con zip all'esterno per un rapido accesso agli oggetti. Due ruote e una soluzione di supporto lo rendono leggero e maneggevole. Il manico telescopico pu\u00f2 essere nascosto in uno scomparto con zip per proteggerlo. La parte superiore, inferiore e laterale \u00e8 rivestita in PU per aumentarne la durata. \u00c8 dotato di un'elegante maniglia per il trasporto rivestita in tessuto. Quando non viene utilizzato, pu\u00f2 essere ripiegato per risparmiare spazio. Peso 1,8 kg Dimensioni e volume, comprese ruote e maniglia, 35x54x19 cm - 32L<\/p>\n<p>Materiale: Base: 300D Poliestere\/TPE; Secondo materiale: rivestimento in PU; Fodera: 100% Poliestere<\/p>","protected":false},"excerpt":{"rendered":"<p>Geeignet als Handgep\u00e4ck nach IATA ist dies der perfekte Trolley f\u00fcr Ihre Reisen. Dieser stilvoll gestaltete Trolley verf\u00fcgt \u00fcber ein grosses SBS-Reissverschlussfach, das gef\u00fcttert ist und mit Riemen versehen ist, um Ihre Sachen unterwegs an einem Ort zu halten. Grosses Reissverschlussfach auf der Innenseite. Eine grossz\u00fcgige SBS-Vortasche mit Reissverschluss an der Aussenseite f\u00fcr den schnellen [&hellip;]<\/p>\n","protected":false},"featured_media":494394,"template":"","meta":[],"product_brand":[],"product_cat":[4195,4209],"product_tag":[],"class_list":{"0":"post-494354","1":"product","2":"type-product","3":"status-publish","4":"has-post-thumbnail","6":"product_cat-rucksaecke-taschen","7":"product_cat-zubehoer","8":"pa_brand-clique","9":"pa_brand-type-sportswear","10":"pa_filter-color-grau","12":"first","13":"instock","14":"sale","15":"taxable","16":"shipping-taxable","17":"purchasable","18":"product-type-variable","19":"add-to-wishlist-before_image"},"exclude_global_add_ons":[],"addons":[],"acf":[],"_links":{"self":[{"href":"https:\/\/shop.kustom.ch\/it\/wp-json\/wp\/v2\/product\/494354"}],"collection":[{"href":"https:\/\/shop.kustom.ch\/it\/wp-json\/wp\/v2\/product"}],"about":[{"href":"https:\/\/shop.kustom.ch\/it\/wp-json\/wp\/v2\/types\/product"}],"wp:featuredmedia":[{"embeddable":true,"href":"https:\/\/shop.kustom.ch\/it\/wp-json\/wp\/v2\/media\/494394"}],"wp:attachment":[{"href":"https:\/\/shop.kustom.ch\/it\/wp-json\/wp\/v2\/media?parent=494354"}],"wp:term":[{"taxonomy":"product_brand","embeddable":true,"href":"https:\/\/shop.kustom.ch\/it\/wp-json\/wp\/v2\/product_brand?post=494354"},{"taxonomy":"product_cat","embeddable":true,"href":"https:\/\/shop.kustom.ch\/it\/wp-json\/wp\/v2\/product_cat?post=494354"},{"taxonomy":"product_tag","embeddable":true,"href":"https:\/\/shop.kustom.ch\/it\/wp-json\/wp\/v2\/product_tag?post=494354"}],"curies":[{"name":"wp","href":"https:\/\/api.w.org\/{rel}","templated":true}]}}