{"id":494350,"date":"2025-01-24T01:01:49","date_gmt":"2025-01-24T00:01:49","guid":{"rendered":"https:\/\/shop.kustom.ch\/?post_type=product&#038;p=494350"},"modified":"2026-03-31T13:10:27","modified_gmt":"2026-03-31T12:10:27","slug":"prestige-backpack","status":"publish","type":"product","link":"https:\/\/shop.kustom.ch\/it\/prodotto\/prestige-backpack\/","title":{"rendered":"Zaino Prestige"},"content":{"rendered":"<p>Questo zaino dal design elegante \u00e8 dotato di un ampio scomparto principale con copertura imbottita e due tasche esterne con cerniera SBS. Un'ampia e robusta tasca laterale offre ulteriore spazio. La parte superiore, inferiore e laterale \u00e8 rivestita in PU per aumentare la durata dello zaino. \u00c8 dotato di una maniglia per il trasporto e di eleganti spallacci imbottiti e regolabili. Dimensioni e volume 30x44x16cm - 18L<\/p>\n<p>Materiale: Base: 300D Poliestere\/TPE; Secondo materiale: rivestimento in PU; Fodera: 100% Poliestere<\/p>","protected":false},"excerpt":{"rendered":"<p>Dieser stilvoll gestaltete Rucksack verf\u00fcgt \u00fcber ein grosses Hauptabteil mit gepolsterter H\u00fclle und zwei Aussentaschen mit SBS-Reissverschluss. Eine grossz\u00fcgige, stabile Seitentasche sorgt f\u00fcr mehr Platz. Die Oberseite, der Boden und die Seiten sind PU-beschichtet, um die Haltbarkeit des Rucksacks zu erh\u00f6hen. Er wird mit einem Tragegriff, stilvoll gepolsterten und verstellbaren Schultergurten geliefert. Abmessungen und Volumen [&hellip;]<\/p>\n","protected":false},"featured_media":494386,"template":"","meta":[],"product_brand":[],"product_cat":[4195,4209],"product_tag":[],"class_list":{"0":"post-494350","1":"product","2":"type-product","3":"status-publish","4":"has-post-thumbnail","6":"product_cat-rucksaecke-taschen","7":"product_cat-zubehoer","8":"pa_brand-clique","9":"pa_brand-type-sportswear","10":"pa_filter-color-grau","12":"first","13":"instock","14":"sale","15":"taxable","16":"shipping-taxable","17":"purchasable","18":"product-type-variable","19":"add-to-wishlist-before_image"},"exclude_global_add_ons":[],"addons":[],"acf":[],"_links":{"self":[{"href":"https:\/\/shop.kustom.ch\/it\/wp-json\/wp\/v2\/product\/494350"}],"collection":[{"href":"https:\/\/shop.kustom.ch\/it\/wp-json\/wp\/v2\/product"}],"about":[{"href":"https:\/\/shop.kustom.ch\/it\/wp-json\/wp\/v2\/types\/product"}],"wp:featuredmedia":[{"embeddable":true,"href":"https:\/\/shop.kustom.ch\/it\/wp-json\/wp\/v2\/media\/494386"}],"wp:attachment":[{"href":"https:\/\/shop.kustom.ch\/it\/wp-json\/wp\/v2\/media?parent=494350"}],"wp:term":[{"taxonomy":"product_brand","embeddable":true,"href":"https:\/\/shop.kustom.ch\/it\/wp-json\/wp\/v2\/product_brand?post=494350"},{"taxonomy":"product_cat","embeddable":true,"href":"https:\/\/shop.kustom.ch\/it\/wp-json\/wp\/v2\/product_cat?post=494350"},{"taxonomy":"product_tag","embeddable":true,"href":"https:\/\/shop.kustom.ch\/it\/wp-json\/wp\/v2\/product_tag?post=494350"}],"curies":[{"name":"wp","href":"https:\/\/api.w.org\/{rel}","templated":true}]}}