{"id":494075,"date":"2025-01-24T01:00:45","date_gmt":"2025-01-24T00:00:45","guid":{"rendered":"https:\/\/shop.kustom.ch\/?post_type=product&#038;p=494075"},"modified":"2026-03-31T13:18:48","modified_gmt":"2026-03-31T12:18:48","slug":"premium-oc-pants","status":"publish","type":"product","link":"https:\/\/shop.kustom.ch\/it\/prodotto\/premium-oc-pants\/","title":{"rendered":"Pantaloni premium OC"},"content":{"rendered":"<p>I nostri migliori pantaloni per il tempo libero sono realizzati in cotone organico e poliestere riciclato. La vita leggermente pi\u00f9 larga e gli ampi polsini delle gambe assicurano un elevato livello di comfort e un look moderno. Vita con coulisse e finiture in metallo. Tasca posteriore con zip sul modello da uomo. French terry CVC, polsini delle gambe a coste. Vita a coste elasticizzata 1\u00d71.<\/p>\n<p>Materiale: 85% cotone organico, 15% poliestere<\/p>","protected":false},"excerpt":{"rendered":"<p>Unsere feinste Freizeithose ist aus Bio-Baumwolle und Recyclingpolyester. Ein etwas breiterer H\u00fcftbund und breite Beinabschlussb\u00fcndchen sorgen f\u00fcr einen hohen Tragekomfort und modernen Look. Bund mit Kordelzug und Metallabschl\u00fcssen. Beim Herrenmodell Ges\u00e4sstasche mit Reissverschluss. CVC French Terry, gerippte Beinabschl\u00fcsse. Elastischer Rippbund 1&#215;1. Material: 85% Organic Baumwolle, 15% Polyester<\/p>","protected":false},"featured_media":494130,"template":"","meta":[],"product_brand":[],"product_cat":[4185,4191],"product_tag":[],"class_list":{"0":"post-494075","1":"product","2":"type-product","3":"status-publish","4":"has-post-thumbnail","6":"product_cat-hosen","7":"product_cat-longsleeves-sweatshirts","8":"pa_brand-clique","9":"pa_brand-type-sportswear","10":"pa_filter-color-blau","11":"pa_filter-color-grau","12":"pa_filter-color-schwarz","14":"first","15":"instock","16":"sale","17":"taxable","18":"shipping-taxable","19":"purchasable","20":"product-type-variable","21":"add-to-wishlist-before_image"},"exclude_global_add_ons":[],"addons":[],"acf":[],"_links":{"self":[{"href":"https:\/\/shop.kustom.ch\/it\/wp-json\/wp\/v2\/product\/494075"}],"collection":[{"href":"https:\/\/shop.kustom.ch\/it\/wp-json\/wp\/v2\/product"}],"about":[{"href":"https:\/\/shop.kustom.ch\/it\/wp-json\/wp\/v2\/types\/product"}],"wp:featuredmedia":[{"embeddable":true,"href":"https:\/\/shop.kustom.ch\/it\/wp-json\/wp\/v2\/media\/494130"}],"wp:attachment":[{"href":"https:\/\/shop.kustom.ch\/it\/wp-json\/wp\/v2\/media?parent=494075"}],"wp:term":[{"taxonomy":"product_brand","embeddable":true,"href":"https:\/\/shop.kustom.ch\/it\/wp-json\/wp\/v2\/product_brand?post=494075"},{"taxonomy":"product_cat","embeddable":true,"href":"https:\/\/shop.kustom.ch\/it\/wp-json\/wp\/v2\/product_cat?post=494075"},{"taxonomy":"product_tag","embeddable":true,"href":"https:\/\/shop.kustom.ch\/it\/wp-json\/wp\/v2\/product_tag?post=494075"}],"curies":[{"name":"wp","href":"https:\/\/api.w.org\/{rel}","templated":true}]}}