{"id":494006,"date":"2025-01-24T01:00:30","date_gmt":"2025-01-24T00:00:30","guid":{"rendered":"https:\/\/shop.kustom.ch\/?post_type=product&#038;p=494006"},"modified":"2026-03-31T13:13:29","modified_gmt":"2026-03-31T12:13:29","slug":"premium-oc-hoody-full-zip","status":"publish","type":"product","link":"https:\/\/shop.kustom.ch\/it\/prodotto\/premium-oc-hoody-full-zip\/","title":{"rendered":"Felpa con cappuccio Premium OC con zip integrale"},"content":{"rendered":"<p>La nostra migliore felpa con cappuccio e zip a tutta lunghezza \u00e8 realizzata in cotone organico e poliestere riciclato. Zip YKK a tutta lunghezza con aspetto antico. Due tasche anteriori con cerniera YKK e guida per le cuffie. Cordoncino del cappuccio con finiture in metallo e cuciture decorative flatlock per un look moderno. French terry CVC, fettuccia a spina di pesce sul collo, polsini e fascia in vita a coste. Vita a coste elasticizzata 1\u00d71.<\/p>\n<p>Materiale: 85% cotone organico, 15% poliestere<\/p>","protected":false},"excerpt":{"rendered":"<p>Unser feinster Kapuzensweat mit Reissverschluss \u00fcber die gesamte L\u00e4nge ist aus Bio-Baumwolle und Recyclingpolyester. YKK-Reissverschluss \u00fcber die gesamte L\u00e4nge mit Antik-Optik. Zwei Fronttaschen mit YKK-Reissverschluss und Kopfh\u00f6rerf\u00fchrung. Kapuzen-Kordel mit Metallabschl\u00fcssen und Flatlock-Ziern\u00e4hten f\u00fcr einen modernen Look. CVC French Terry, Nackenband mit Fischgr\u00e4tenmuster, gerippte \u00c4rmelabschl\u00fcsse und gerippter Bund. Elastischer Rippbund 1&#215;1. Material: 85% Organic Baumwolle, 15% [&hellip;]<\/p>\n","protected":false},"featured_media":494015,"template":"","meta":[],"product_brand":[],"product_cat":[4184],"product_tag":[],"class_list":{"0":"post-494006","1":"product","2":"type-product","3":"status-publish","4":"has-post-thumbnail","6":"product_cat-hoodies-pullover","7":"pa_brand-clique","8":"pa_brand-type-sportswear","9":"pa_filter-color-beige","10":"pa_filter-color-blau","11":"pa_filter-color-grau","12":"pa_filter-color-schwarz","14":"first","15":"instock","16":"sale","17":"taxable","18":"shipping-taxable","19":"purchasable","20":"product-type-variable","21":"add-to-wishlist-before_image"},"exclude_global_add_ons":[],"addons":[],"acf":[],"_links":{"self":[{"href":"https:\/\/shop.kustom.ch\/it\/wp-json\/wp\/v2\/product\/494006"}],"collection":[{"href":"https:\/\/shop.kustom.ch\/it\/wp-json\/wp\/v2\/product"}],"about":[{"href":"https:\/\/shop.kustom.ch\/it\/wp-json\/wp\/v2\/types\/product"}],"wp:featuredmedia":[{"embeddable":true,"href":"https:\/\/shop.kustom.ch\/it\/wp-json\/wp\/v2\/media\/494015"}],"wp:attachment":[{"href":"https:\/\/shop.kustom.ch\/it\/wp-json\/wp\/v2\/media?parent=494006"}],"wp:term":[{"taxonomy":"product_brand","embeddable":true,"href":"https:\/\/shop.kustom.ch\/it\/wp-json\/wp\/v2\/product_brand?post=494006"},{"taxonomy":"product_cat","embeddable":true,"href":"https:\/\/shop.kustom.ch\/it\/wp-json\/wp\/v2\/product_cat?post=494006"},{"taxonomy":"product_tag","embeddable":true,"href":"https:\/\/shop.kustom.ch\/it\/wp-json\/wp\/v2\/product_tag?post=494006"}],"curies":[{"name":"wp","href":"https:\/\/api.w.org\/{rel}","templated":true}]}}