{"id":493252,"date":"2025-01-24T00:57:22","date_gmt":"2025-01-23T23:57:22","guid":{"rendered":"https:\/\/shop.kustom.ch\/?post_type=product&#038;p=493252"},"modified":"2026-03-31T13:20:35","modified_gmt":"2026-03-31T12:20:35","slug":"padded-hoody-softshell-junior","status":"publish","type":"product","link":"https:\/\/shop.kustom.ch\/it\/prodotto\/padded-hoody-softshell-junior\/","title":{"rendered":"Cappuccio imbottito Softshell Junior"},"content":{"rendered":"<p>Giacca softshell dal taglio pulito con cappuccio staccabile a prova di bambino. Due tasche esterne con cerniere SBS invertite. Etichetta facilmente rimovibile per il rebranding. Include una fodera nera e una zip ricamata.<\/p>\n<p>Materiale: 85% poliestere, 15% spandex laminato; imbottitura: 100% poliestere<\/p>","protected":false},"excerpt":{"rendered":"<p>Ein sauber geschnittene Softshelljacke mit abnehmbarer kindersicherer Kapuze. Zwei Aussentaschen mit umgekehrten SBS-Reissverschl\u00fcssen. Ein leicht abnehmbares Etikett f\u00fcr Rebranding. Inklusive schwarzer F\u00fctterung und einem gestickten Reissverschluss. Material: 85% Polyester, 15% Spandex laminiert ; Polsterung : 100% Polyester<\/p>","protected":false},"featured_media":493312,"template":"","meta":[],"product_brand":[],"product_cat":[4186],"product_tag":[],"class_list":{"0":"post-493252","1":"product","2":"type-product","3":"status-publish","4":"has-post-thumbnail","6":"product_cat-jacken","7":"pa_brand-clique","8":"pa_brand-type-sportswear","9":"pa_filter-color-blau","10":"pa_filter-color-schwarz","12":"first","13":"instock","14":"sale","15":"taxable","16":"shipping-taxable","17":"purchasable","18":"product-type-variable","19":"add-to-wishlist-before_image"},"exclude_global_add_ons":[],"addons":[],"acf":[],"_links":{"self":[{"href":"https:\/\/shop.kustom.ch\/it\/wp-json\/wp\/v2\/product\/493252"}],"collection":[{"href":"https:\/\/shop.kustom.ch\/it\/wp-json\/wp\/v2\/product"}],"about":[{"href":"https:\/\/shop.kustom.ch\/it\/wp-json\/wp\/v2\/types\/product"}],"wp:featuredmedia":[{"embeddable":true,"href":"https:\/\/shop.kustom.ch\/it\/wp-json\/wp\/v2\/media\/493312"}],"wp:attachment":[{"href":"https:\/\/shop.kustom.ch\/it\/wp-json\/wp\/v2\/media?parent=493252"}],"wp:term":[{"taxonomy":"product_brand","embeddable":true,"href":"https:\/\/shop.kustom.ch\/it\/wp-json\/wp\/v2\/product_brand?post=493252"},{"taxonomy":"product_cat","embeddable":true,"href":"https:\/\/shop.kustom.ch\/it\/wp-json\/wp\/v2\/product_cat?post=493252"},{"taxonomy":"product_tag","embeddable":true,"href":"https:\/\/shop.kustom.ch\/it\/wp-json\/wp\/v2\/product_tag?post=493252"}],"curies":[{"name":"wp","href":"https:\/\/api.w.org\/{rel}","templated":true}]}}