{"id":492897,"date":"2025-01-24T00:55:44","date_gmt":"2025-01-23T23:55:44","guid":{"rendered":"https:\/\/shop.kustom.ch\/?post_type=product&#038;p=492897"},"modified":"2026-03-31T13:14:01","modified_gmt":"2026-03-31T12:14:01","slug":"nome","status":"publish","type":"product","link":"https:\/\/shop.kustom.ch\/it\/prodotto\/nome\/","title":{"rendered":"Nome"},"content":{"rendered":"<p>T-shirt bicolore. Colore a contrasto sul colletto e sui polsini delle maniche, collo e polsini delle maniche con elastan.<\/p>\n<p>Materiale: cotone pettinato 100%<\/p>","protected":false},"excerpt":{"rendered":"<p>T-Shirt Bicolor. Kontrastfarbe an den Abschl\u00fcssen des Kragens und der \u00c4rmelb\u00fcndchen, Hals- und \u00c4rmelabschl\u00fcsse mit Elasthan versetzt. Material: 100% gek\u00e4mmte Baumwolle<\/p>","protected":false},"featured_media":492948,"template":"","meta":[],"product_brand":[],"product_cat":[4201],"product_tag":[],"class_list":{"0":"post-492897","1":"product","2":"type-product","3":"status-publish","4":"has-post-thumbnail","6":"product_cat-t-shirts","7":"pa_brand-clique","8":"pa_brand-type-sportswear","9":"pa_filter-color-blau","10":"pa_filter-color-gruen","11":"pa_filter-color-rot","12":"pa_filter-color-schwarz","13":"pa_filter-color-weiss","15":"first","16":"instock","17":"sale","18":"taxable","19":"shipping-taxable","20":"purchasable","21":"product-type-variable","22":"add-to-wishlist-before_image"},"exclude_global_add_ons":[],"addons":[],"acf":[],"_links":{"self":[{"href":"https:\/\/shop.kustom.ch\/it\/wp-json\/wp\/v2\/product\/492897"}],"collection":[{"href":"https:\/\/shop.kustom.ch\/it\/wp-json\/wp\/v2\/product"}],"about":[{"href":"https:\/\/shop.kustom.ch\/it\/wp-json\/wp\/v2\/types\/product"}],"wp:featuredmedia":[{"embeddable":true,"href":"https:\/\/shop.kustom.ch\/it\/wp-json\/wp\/v2\/media\/492948"}],"wp:attachment":[{"href":"https:\/\/shop.kustom.ch\/it\/wp-json\/wp\/v2\/media?parent=492897"}],"wp:term":[{"taxonomy":"product_brand","embeddable":true,"href":"https:\/\/shop.kustom.ch\/it\/wp-json\/wp\/v2\/product_brand?post=492897"},{"taxonomy":"product_cat","embeddable":true,"href":"https:\/\/shop.kustom.ch\/it\/wp-json\/wp\/v2\/product_cat?post=492897"},{"taxonomy":"product_tag","embeddable":true,"href":"https:\/\/shop.kustom.ch\/it\/wp-json\/wp\/v2\/product_tag?post=492897"}],"curies":[{"name":"wp","href":"https:\/\/api.w.org\/{rel}","templated":true}]}}