{"id":491880,"date":"2025-01-24T00:51:25","date_gmt":"2025-01-23T23:51:25","guid":{"rendered":"https:\/\/shop.kustom.ch\/?post_type=product&#038;p=491880"},"modified":"2026-03-31T13:08:36","modified_gmt":"2026-03-31T12:08:36","slug":"miami-hoody","status":"publish","type":"product","link":"https:\/\/shop.kustom.ch\/it\/prodotto\/miami-hoody\/","title":{"rendered":"Felpa con cappuccio Miami"},"content":{"rendered":"<p>Felpa unisex con cappuccio realizzata in misto cotone e poliestere riciclato. Tessuto principale nel cappuccio e coulisse rotonda. Una grande tasca a canguro sul davanti. Polsini elasticizzati a coste 2\u00d72 con doppia cucitura su polsini e orlo. Nastro del collo in twill ed etichetta facilmente rimovibile per il rebranding. Morbido tessuto stabilizzato, adatto a lavaggi intensivi con finitura anti-pilling.<\/p>\n<p>Materiale: 80% cotone, 20% poliestere riciclato<\/p>","protected":false},"excerpt":{"rendered":"<p>Unisex Kapuzenpullover aus unserer Baumwoll- und recycling Polyester Mischung. Hauptstoff in der Kapuze und eine runde Kordelzug. Eine grosse K\u00e4ngurutasche vorne. Elastische Rippenb\u00fcndchen 2&#215;2 mit doppelter Naht am \u00c4rmelbund und Saum. Twill-Nackenband und ein leicht abnehmbares Etikett f\u00fcr Rebranding. Weiches stabilisiertes Gewebe, geeignet f\u00fcr intensives Waschen mit antipilling Finish. Material: 80% Baumwolle, 20% Reycling-Polyester<\/p>","protected":false},"featured_media":491894,"template":"","meta":[],"product_brand":[],"product_cat":[4184],"product_tag":[],"class_list":{"0":"post-491880","1":"product","2":"type-product","3":"status-publish","4":"has-post-thumbnail","6":"product_cat-hoodies-pullover","7":"pa_brand-clique","8":"pa_brand-type-sportswear","9":"pa_filter-color-beige","10":"pa_filter-color-blau","11":"pa_filter-color-grau","12":"pa_filter-color-gruen","13":"pa_filter-color-pink","14":"pa_filter-color-rot","15":"pa_filter-color-schwarz","16":"pa_filter-color-weiss","18":"first","19":"instock","20":"sale","21":"taxable","22":"shipping-taxable","23":"purchasable","24":"product-type-variable","25":"add-to-wishlist-before_image"},"exclude_global_add_ons":[],"addons":[],"acf":[],"_links":{"self":[{"href":"https:\/\/shop.kustom.ch\/it\/wp-json\/wp\/v2\/product\/491880"}],"collection":[{"href":"https:\/\/shop.kustom.ch\/it\/wp-json\/wp\/v2\/product"}],"about":[{"href":"https:\/\/shop.kustom.ch\/it\/wp-json\/wp\/v2\/types\/product"}],"wp:featuredmedia":[{"embeddable":true,"href":"https:\/\/shop.kustom.ch\/it\/wp-json\/wp\/v2\/media\/491894"}],"wp:attachment":[{"href":"https:\/\/shop.kustom.ch\/it\/wp-json\/wp\/v2\/media?parent=491880"}],"wp:term":[{"taxonomy":"product_brand","embeddable":true,"href":"https:\/\/shop.kustom.ch\/it\/wp-json\/wp\/v2\/product_brand?post=491880"},{"taxonomy":"product_cat","embeddable":true,"href":"https:\/\/shop.kustom.ch\/it\/wp-json\/wp\/v2\/product_cat?post=491880"},{"taxonomy":"product_tag","embeddable":true,"href":"https:\/\/shop.kustom.ch\/it\/wp-json\/wp\/v2\/product_tag?post=491880"}],"curies":[{"name":"wp","href":"https:\/\/api.w.org\/{rel}","templated":true}]}}