{"id":491469,"date":"2025-01-24T00:49:44","date_gmt":"2025-01-23T23:49:44","guid":{"rendered":"https:\/\/shop.kustom.ch\/?post_type=product&#038;p=491469"},"modified":"2026-03-31T13:19:40","modified_gmt":"2026-03-31T12:19:40","slug":"manhattan","status":"publish","type":"product","link":"https:\/\/shop.kustom.ch\/it\/prodotto\/manhattan\/","title":{"rendered":"Manhattan"},"content":{"rendered":"<p>Polo Shirt in praktischem Mischgewebe. Eingewobene Doppelrippe im Kragen, Rippenb\u00fcndchen am \u00c4rmelabschluss. Drei Kn\u00f6pfe Ton-in-Ton.<\/p>\n<p>Material: 65% Polyester, 35% Baumwolle (HV [11], [170] 80% Polyester, 20% Baumwolle, Graumeliert [95] 85% Baumwolle, 15% Viskose,  Anthrazitmeliert [955]: 60% Baumwolle, 40% Polyester)<\/p>\n","protected":false},"excerpt":{"rendered":"<p>Polo Shirt in praktischem Mischgewebe. Eingewobene Doppelrippe im Kragen, Rippenb\u00fcndchen am \u00c4rmelabschluss. Drei Kn\u00f6pfe Ton-in-Ton. Material: 65% Polyester, 35% Baumwolle (HV [11], [170] 80% Polyester, 20% Baumwolle, Graumeliert [95] 85% Baumwolle, 15% Viskose, Anthrazitmeliert [955]: 60% Baumwolle, 40% Polyester)<\/p>\n","protected":false},"featured_media":491500,"template":"","meta":[],"product_brand":[],"product_cat":[4193],"product_tag":[],"class_list":{"0":"post-491469","1":"product","2":"type-product","3":"status-publish","4":"has-post-thumbnail","6":"product_cat-polos","7":"pa_brand-clique","8":"pa_brand-type-sportswear","9":"pa_filter-color-blau","10":"pa_filter-color-gelb","11":"pa_filter-color-grau","12":"pa_filter-color-gruen","13":"pa_filter-color-orange","14":"pa_filter-color-rot","15":"pa_filter-color-schwarz","16":"pa_filter-color-weiss","18":"first","19":"instock","20":"sale","21":"taxable","22":"shipping-taxable","23":"purchasable","24":"product-type-variable","25":"add-to-wishlist-before_image"},"exclude_global_add_ons":[],"addons":[],"acf":[],"_links":{"self":[{"href":"https:\/\/shop.kustom.ch\/it\/wp-json\/wp\/v2\/product\/491469"}],"collection":[{"href":"https:\/\/shop.kustom.ch\/it\/wp-json\/wp\/v2\/product"}],"about":[{"href":"https:\/\/shop.kustom.ch\/it\/wp-json\/wp\/v2\/types\/product"}],"wp:featuredmedia":[{"embeddable":true,"href":"https:\/\/shop.kustom.ch\/it\/wp-json\/wp\/v2\/media\/491500"}],"wp:attachment":[{"href":"https:\/\/shop.kustom.ch\/it\/wp-json\/wp\/v2\/media?parent=491469"}],"wp:term":[{"taxonomy":"product_brand","embeddable":true,"href":"https:\/\/shop.kustom.ch\/it\/wp-json\/wp\/v2\/product_brand?post=491469"},{"taxonomy":"product_cat","embeddable":true,"href":"https:\/\/shop.kustom.ch\/it\/wp-json\/wp\/v2\/product_cat?post=491469"},{"taxonomy":"product_tag","embeddable":true,"href":"https:\/\/shop.kustom.ch\/it\/wp-json\/wp\/v2\/product_tag?post=491469"}],"curies":[{"name":"wp","href":"https:\/\/api.w.org\/{rel}","templated":true}]}}