{"id":490985,"date":"2025-01-24T00:47:24","date_gmt":"2025-01-23T23:47:24","guid":{"rendered":"https:\/\/shop.kustom.ch\/?post_type=product&#038;p=490985"},"modified":"2026-03-31T13:17:30","modified_gmt":"2026-03-31T12:17:30","slug":"idaho-junior","status":"publish","type":"product","link":"https:\/\/shop.kustom.ch\/it\/prodotto\/idaho-junior\/","title":{"rendered":"Idaho Junior"},"content":{"rendered":"<p>Giacca calda e leggera con imbottitura simile alla piuma. Realizzata in poliammide riciclata 100%. Cappuccio staccabile e a prova di bambino. Tre tasche esterne con zip e due tasche interne. Vita e polsini elasticizzati. Con gancio colorato, guida per le cuffie e tirazip.<\/p>\n<p>Materiale: Materiale della scocca: 100% poliammide riciclata; Imbottitura: 100% poliestere riciclato; Fodera: 100% poliestere riciclato<\/p>","protected":false},"excerpt":{"rendered":"<p>Warme und dennoch leichte Jacke mit daunen\u00e4hnlicher Polsterung. Aus 100% Recycling-Polyamid. Abnehmbare, kindersichere Kapuze. Drei Aussentaschen mit Reissverschluss und zwei Innentaschen. Elastisches Band am Bund und an den \u00c4rmeln. Mit farbigem Aufh\u00e4nger, Kopfh\u00f6rerf\u00fchrung und Reissverschlussschiebern. Material: Shellmaterial: 100% Recycling-Polyamid ; Polsterung: 100% Recycling-Polyester ; Futter: 100% Recycling-Polyester<\/p>","protected":false},"featured_media":491012,"template":"","meta":[],"product_brand":[],"product_cat":[4186],"product_tag":[],"class_list":{"0":"post-490985","1":"product","2":"type-product","3":"status-publish","4":"has-post-thumbnail","6":"product_cat-jacken","7":"pa_brand-clique","8":"pa_brand-type-sportswear","9":"pa_filter-color-blau","10":"pa_filter-color-schwarz","12":"first","13":"instock","14":"sale","15":"taxable","16":"shipping-taxable","17":"purchasable","18":"product-type-variable","19":"add-to-wishlist-before_image"},"exclude_global_add_ons":[],"addons":[],"acf":[],"_links":{"self":[{"href":"https:\/\/shop.kustom.ch\/it\/wp-json\/wp\/v2\/product\/490985"}],"collection":[{"href":"https:\/\/shop.kustom.ch\/it\/wp-json\/wp\/v2\/product"}],"about":[{"href":"https:\/\/shop.kustom.ch\/it\/wp-json\/wp\/v2\/types\/product"}],"wp:featuredmedia":[{"embeddable":true,"href":"https:\/\/shop.kustom.ch\/it\/wp-json\/wp\/v2\/media\/491012"}],"wp:attachment":[{"href":"https:\/\/shop.kustom.ch\/it\/wp-json\/wp\/v2\/media?parent=490985"}],"wp:term":[{"taxonomy":"product_brand","embeddable":true,"href":"https:\/\/shop.kustom.ch\/it\/wp-json\/wp\/v2\/product_brand?post=490985"},{"taxonomy":"product_cat","embeddable":true,"href":"https:\/\/shop.kustom.ch\/it\/wp-json\/wp\/v2\/product_cat?post=490985"},{"taxonomy":"product_tag","embeddable":true,"href":"https:\/\/shop.kustom.ch\/it\/wp-json\/wp\/v2\/product_tag?post=490985"}],"curies":[{"name":"wp","href":"https:\/\/api.w.org\/{rel}","templated":true}]}}