{"id":490631,"date":"2025-01-24T00:45:56","date_gmt":"2025-01-23T23:45:56","guid":{"rendered":"https:\/\/shop.kustom.ch\/?post_type=product&#038;p=490631"},"modified":"2026-03-31T13:21:25","modified_gmt":"2026-03-31T12:21:25","slug":"hudson-junior","status":"publish","type":"product","link":"https:\/\/shop.kustom.ch\/it\/prodotto\/hudson-junior\/","title":{"rendered":"Hudson Junior"},"content":{"rendered":"<p>Moderna giacca trapuntata con imbottitura in piuma d'oca. Tre tasche esterne con cerniera e guida per le cuffie all'interno, il cappuccio \u00e8 staccabile. Polsini elasticizzati sulle maniche.<\/p>\n<p>Materiale: materiale esterno e fodera: poliestere 100%; imbottitura in piuma d'oca: poliestere 100%<\/p>","protected":false},"excerpt":{"rendered":"<p>Moderne Steppjacke mit daunen\u00e4hnlicher Wattierung. Drei Aussentaschen mit Reissverschl\u00fcssen und Kopfh\u00f6rerf\u00fchrung Innen, die Kapuze ist abnehmbar. Elastischer Abschluss an den \u00c4rmeln. Material: Obermaterial und Futter: 100% Polyester ; Daunen\u00e4hnliche Wattierung: 100% Polyester<\/p>","protected":false},"featured_media":490674,"template":"","meta":[],"product_brand":[],"product_cat":[4186],"product_tag":[],"class_list":{"0":"post-490631","1":"product","2":"type-product","3":"status-publish","4":"has-post-thumbnail","6":"product_cat-jacken","7":"pa_brand-clique","8":"pa_brand-type-sportswear","9":"pa_filter-color-blau","10":"pa_filter-color-grau","11":"pa_filter-color-rot","12":"pa_filter-color-schwarz","14":"first","15":"instock","16":"sale","17":"taxable","18":"shipping-taxable","19":"purchasable","20":"product-type-variable","21":"add-to-wishlist-before_image"},"exclude_global_add_ons":[],"addons":[],"acf":[],"_links":{"self":[{"href":"https:\/\/shop.kustom.ch\/it\/wp-json\/wp\/v2\/product\/490631"}],"collection":[{"href":"https:\/\/shop.kustom.ch\/it\/wp-json\/wp\/v2\/product"}],"about":[{"href":"https:\/\/shop.kustom.ch\/it\/wp-json\/wp\/v2\/types\/product"}],"wp:featuredmedia":[{"embeddable":true,"href":"https:\/\/shop.kustom.ch\/it\/wp-json\/wp\/v2\/media\/490674"}],"wp:attachment":[{"href":"https:\/\/shop.kustom.ch\/it\/wp-json\/wp\/v2\/media?parent=490631"}],"wp:term":[{"taxonomy":"product_brand","embeddable":true,"href":"https:\/\/shop.kustom.ch\/it\/wp-json\/wp\/v2\/product_brand?post=490631"},{"taxonomy":"product_cat","embeddable":true,"href":"https:\/\/shop.kustom.ch\/it\/wp-json\/wp\/v2\/product_cat?post=490631"},{"taxonomy":"product_tag","embeddable":true,"href":"https:\/\/shop.kustom.ch\/it\/wp-json\/wp\/v2\/product_tag?post=490631"}],"curies":[{"name":"wp","href":"https:\/\/api.w.org\/{rel}","templated":true}]}}